{"id":36,"date":"2021-11-22T22:06:33","date_gmt":"2021-11-22T22:06:33","guid":{"rendered":"https:\/\/legalortega.com\/oo\/?page_id=36"},"modified":"2022-06-04T23:47:13","modified_gmt":"2022-06-04T23:47:13","slug":"experiencia","status":"publish","type":"page","link":"https:\/\/legalortega.com\/oo\/experiencia\/","title":{"rendered":"Experiencia"},"content":{"rendered":"\n<figure class=\"wp-block-gallery aligncenter has-nested-images columns-default is-cropped wp-block-gallery-1 is-layout-flex wp-block-gallery-is-layout-flex\">\n<figure class=\"wp-block-image size-large\"><img loading=\"lazy\" decoding=\"async\" width=\"1024\" height=\"512\" data-id=\"120\" src=\"https:\/\/legalortega.com\/oo\/wp-content\/uploads\/2022\/06\/Experiencia-OO-1024x512.png\" alt=\"\" class=\"wp-image-120\" srcset=\"https:\/\/legalortega.com\/oo\/wp-content\/uploads\/2022\/06\/Experiencia-OO-1024x512.png 1024w, https:\/\/legalortega.com\/oo\/wp-content\/uploads\/2022\/06\/Experiencia-OO-300x150.png 300w, https:\/\/legalortega.com\/oo\/wp-content\/uploads\/2022\/06\/Experiencia-OO-768x384.png 768w, https:\/\/legalortega.com\/oo\/wp-content\/uploads\/2022\/06\/Experiencia-OO.png 1400w\" sizes=\"(max-width: 1024px) 100vw, 1024px\" \/><\/figure>\n<\/figure>\n\n\n\n<h2 class=\"has-background wp-block-heading\" style=\"background-color:#afd3e2\"><strong>NUESTRAS HISTORIA DE SERVICIO<\/strong><\/h2>\n\n\n\n<p>Tenemos casi 25 a\u00f1os de estar en el mercado. A trav\u00e9s del tiempo, hemos servido a la banca, a las cooperativas, la industria y el comercio. Nuestras \u00e1reas de practica van desde la recuperaci\u00f3n de valores extrajudicial o judicialmente, documentaci\u00f3n de cr\u00e9ditos y propiedad y herencias hasta la constituci\u00f3n y manejo de organizaciones no lucrativas y comerciales, pasando por la resoluci\u00f3n de conflictos mediante M\u00e9todos Alternos, hasta asesorar en materia fiscal, financiera y administrativa. <\/p>\n\n\n\n<p>En 25 a\u00f1os de prestar servicios contamos con organizaciones que desde el inicio hasta la fecha nos han depositado su confianza; para nosotros, ello es sello de nuestra estabilidad en el mercado.<\/p>\n\n\n\n<p><\/p>\n\n\n\n<p class=\"has-background has-large-font-size\" style=\"background-color:#afd3e2\"><strong>Nuestras \u00e1reas de trabajo est\u00e1n referidas a:<\/strong><\/p>\n\n\n\n<p><strong>Derecho mercantil. <\/strong>En relaci\u00f3n con constituci\u00f3n de sociedades mercantiles, asesor\u00eda comercial, litigaci\u00f3n, integraci\u00f3n a zonas libres, exoneraciones fiscales, reformas de sociedades, registro de marcas y patentes, entre muchos otros servicios m\u00e1s.<\/p>\n\n\n\n<p><strong>Derecho Civil. <\/strong>Relacionado con los bienes sucesorales, testamentos, particiones, reclamos de seguros, litigios de danos y perjuicios, documentaci\u00f3n de bienes, Etc.<\/p>\n\n\n\n<p><strong>Derecho Laboral<\/strong>. Cubrimos el \u00e1rea laboral desde la asesor\u00eda en la contrataci\u00f3n de personal, manejo administrativo de reclamos de derechos laborales; negociaciones, hasta la litigaci\u00f3n.<\/p>\n\n\n\n<p><strong>Derecho de familia. <\/strong>En esta materia cubrimos el \u00e1rea de los acuerdos pre matrimoniales, la separaci\u00f3n, el conflicto sobre hijos, constituci\u00f3n de patrimonios familiares, hasta la liquidaci\u00f3n de la sociedad conyugal.<\/p>\n\n\n\n<p><strong>Derecho Notarial. <\/strong>En esta \u00e1rea cubrimos todos los aspectos relacionados con los contratos, acuerdos, negociaciones, etc. Aqu\u00ed vemos todo lo relacionado con compraventas, acuerdos hipotecarios, liberaci\u00f3n de grav\u00e1menes, constituci\u00f3n de empresas, reformas, testamentos, legalizaci\u00f3n de actos, autentificaci\u00f3n de firmas y documentos, entre muchos m\u00e1s.<\/p>\n\n\n\n<p><strong>\u00c1rea Fiscal. <\/strong>En esta \u00e1rea manejamos todo lo relacionado con impuestos; operatividad fiscal de la empresa (solvencia), estrategia de menos pago (por supuesto legalmente); exoneraciones, dispensas, negociaciones con el \u00f3rgano fiscal, impugnaci\u00f3n de impuestos y multas, Etc.<\/p>\n\n\n\n<p><strong>\u00c1rea Migratoria<\/strong>. En esta \u00e1rea ofrecemos servicios como residencias, naturalizaciones, permisos especiales de permanencia en el pa\u00eds por estudios, familia, trabajo, asuntos religiosos, o por otras razones, Etc.<\/p>\n\n\n\n<p><strong>\u00c1rea no Lucrativa<\/strong>. En esta \u00e1rea ofrecemos servicios muy variado que van desde la constituci\u00f3n de las organizaciones no lucrativas como instituciones religiosas, Fundaciones, Ongs, Asociaciones, juntas de agua, patronatos, cajas de ahorro, cooperativas, hasta la asesor\u00eda administrativa, organizacional y la representaci\u00f3n continua de estas organizaciones. Vemos igualmente para ellas todo lo referido a su sistema de exoneraciones, dispensa y contabilidad. Hacemos que ellas se mantengan activas y vigentes.<\/p>\n\n\n\n<p><strong>\u00c1rea Extrajudicial. <\/strong>En materia extrajudicial, manejamos todo lo referido a negociaciones laborales, deudas bancarias, resoluci\u00f3n de diferencias, mediaci\u00f3n en asuntos diversos, conciliaci\u00f3n y arbitraje, entre muchos.<\/p>\n\n\n\n<p><strong>Asesor\u00eda estrat\u00e9gica. <\/strong>Es indiscutible que todos los d\u00edas tomamos decisiones; dado los anterior, ofrecemos a nuestros clientes asesor\u00eda y asistencia con visi\u00f3n estrategia orientada a que sus decisiones provoquen el menor impacto negativo en su persona, finanzas y desarrollo; y, al contrario, el cliente sea participe de decisiones inteligentes, pensadas, equilibradas y de impacto positivo para su vida y negocios.<\/p>\n","protected":false},"excerpt":{"rendered":"<p>NUESTRAS HISTORIA DE SERVICIO Tenemos casi 25 a\u00f1os de estar en el mercado. A trav\u00e9s del tiempo, hemos servido a [&hellip;]<\/p>\n","protected":false},"author":1,"featured_media":141,"parent":0,"menu_order":0,"comment_status":"closed","ping_status":"closed","template":"","meta":{"footnotes":""},"class_list":["post-36","page","type-page","status-publish","has-post-thumbnail","hentry"],"_links":{"self":[{"href":"https:\/\/legalortega.com\/oo\/wp-json\/wp\/v2\/pages\/36"}],"collection":[{"href":"https:\/\/legalortega.com\/oo\/wp-json\/wp\/v2\/pages"}],"about":[{"href":"https:\/\/legalortega.com\/oo\/wp-json\/wp\/v2\/types\/page"}],"author":[{"embeddable":true,"href":"https:\/\/legalortega.com\/oo\/wp-json\/wp\/v2\/users\/1"}],"replies":[{"embeddable":true,"href":"https:\/\/legalortega.com\/oo\/wp-json\/wp\/v2\/comments?post=36"}],"version-history":[{"count":11,"href":"https:\/\/legalortega.com\/oo\/wp-json\/wp\/v2\/pages\/36\/revisions"}],"predecessor-version":[{"id":123,"href":"https:\/\/legalortega.com\/oo\/wp-json\/wp\/v2\/pages\/36\/revisions\/123"}],"wp:featuredmedia":[{"embeddable":true,"href":"https:\/\/legalortega.com\/oo\/wp-json\/wp\/v2\/media\/141"}],"wp:attachment":[{"href":"https:\/\/legalortega.com\/oo\/wp-json\/wp\/v2\/media?parent=36"}],"curies":[{"name":"wp","href":"https:\/\/api.w.org\/{rel}","templated":true}]}}