{"id":34,"date":"2021-11-22T22:05:38","date_gmt":"2021-11-22T22:05:38","guid":{"rendered":"https:\/\/legalortega.com\/oo\/?page_id=34"},"modified":"2022-06-05T00:24:25","modified_gmt":"2022-06-05T00:24:25","slug":"vision","status":"publish","type":"page","link":"https:\/\/legalortega.com\/oo\/vision\/","title":{"rendered":"Visi\u00f3n"},"content":{"rendered":"\n<p class=\"has-drop-cap\" style=\"line-height:2\">Este bufete no solo concibe hacer lo que hace, como si fuese una simple empresa dedicada a vender servicios. Cada servicio que prestamos los concebimos como una contribuci\u00f3n social que, aunque se paga por \u00e9l, lleva impl\u00edcita nuestra libertad y voluntad de prestarlo. Para este bufete, la parte econ\u00f3mica es importante, pero no tan relevante. Es la esencia del servicio; la satisfacci\u00f3n y el agrado del cliente, lo que nos inspira a trabajar. Aqu\u00ed consideramos a nuestros clientes como amigos y as\u00ed nos gusta que ellos nos consideren, pues de lo contrario, es dif\u00edcil que nuestra relaci\u00f3n sea perdurable. Por lo anterior es supremamente importante que exista una alta dosis de comunicaci\u00f3n, dialogo y consideraci\u00f3n entre las partes; a eso invitamos continuamente a nuestros clientes amigos.<\/p>\n\n\n\n\t<!-- wpshopmart team builder wrapper -->\r\n\t<style>\r\n\t\t\t#wpsm_team_2_b_row_93 .wpsm_team_2_member_wrapper_inner h3{\r\n\t\t\t\tcolor:#000000 !important;\r\n\t\t\t\tfont-size:18px !important;\r\n\t\t\t\tfont-family:Open Sans !important;\r\n\t\t\t}\r\n\t\t\t\r\n\t\t\t#wpsm_team_2_b_row_93 .wpsm_team_2_member_wrapper\r\n\t\t\t{\r\n\t\t\t\tmargin:10px;\r\n\t\t\t}\r\n\t\t\t\r\n\t\t\t#wpsm_team_2_b_row_93 .owl-dots .owl-dot span {\t\t\t\r\n\t\t\tbackground:#D6D6D6;\t\t\t\r\n\t\t\t}\r\n\t\t\t#wpsm_team_2_b_row_93 .owl-dots .owl-dot.active span {\r\n\t\t\t\tbackground: #869791;\r\n\t\t\t}\r\n\t\t\t#wpsm_team_2_b_row_93 .owl-dots .owl-dot:hover span {\r\n\t\t\t\tbackground: #869791;\r\n\t\t\t}\r\n\t\t\t#wpsm_team_2_b_row_93 .owl-dots\r\n\t\t\t{\r\n\t\t\t\tdisplay:block\t\t\t}\r\n\t\t\t\r\n\t\t\t#wpsm_team_2_b_row_93 .wpsm_team_2_b_desig{\r\n\t\t\t\tcolor:#000000 !important;\r\n\t\t\t\tfont-size:14px !important;\r\n\t\t\t\tfont-family:Open Sans !important;\r\n\t\t\t}\r\n\t\t\t#wpsm_team_2_b_row_93 .wpsm_team_2_b_desc{\r\n\t\t\t\tcolor:#000000 !important;\r\n\t\t\t\tfont-size:14px !important;\r\n\t\t\t\tfont-family:Open Sans !important;\r\n\t\t\t}\r\n\t\t\t#wpsm_team_2_b_row_93 .wpsm_team_2_social_div a i{\r\n\t\t\t\tcolor:#4f4f4f !important;\r\n\t\t\t\tborder-color:#4f4f4f !important;\r\n\t\t\t}\r\n\t\t\t#wpsm_team_2_b_row_93 .wpsm_team_2_member_wrapper{\r\n\t\t\t\tbackground:#ffffff !important;\r\n\t\t\t}\r\n\t\t\t\t<\/style>\r\n\t<div class=\"wpsm_team_2_b_row\" id=\"wpsm_team_2_b_row_93\">\r\n\t\t<div class=\"wpsm_row\">  \r\n\t\t\t<div id=\"wpsm-carousel-two\" class=\"wpsm-team-owl-carousel\">\r\n\t\t\t\t\t\r\n\t\t\t\t\t\r\n\t\t\t\t\t\t<div class=\"wpsm_team_2_member_wrapper\">\r\n\t\t\t\t\t\t\t<img decoding=\"async\" class=\"img-responsive wpsm_team_2_mem_img\" src=\"https:\/\/legalortega.com\/oo\/wp-content\/uploads\/2022\/06\/C91A0852.jpg\" alt=\"Abogado Carlos Ortega\">\r\n\t\t\t\t\t\t\t<div class=\"wpsm_team_2_member_wrapper_inner\">\r\n\t\t\t\t\t\t\t\t<h3>\r\n\t\t\t\t\t\t\t\t\tAbogado Carlos Ortega\t\t\t\t\t\t\t\t<\/h3>\r\n\t\t\t\t\t\t\t\t<span class=\"wpsm_team_2_b_desig\"> Director Ejecutivo Grupo Legal Ortega <\/span> \t\t\t\t\t\t\t\t<div class=\"wpsm_team_2_social_div\">\r\n\t\t\t\t\t\t\t\t\t\t\t\t\t\t\t\t\t\t\t\t\t\t\t\t\t\t\t\t\t\t\t\t\t\t\t\t\t\t\t\t\t\t\t\t<\/div>\r\n\t\t\t\t\t\t\t\t<p class=\"wpsm_team_2_b_desc\"> Telefono: 9987-3458,\r\nEmails:  carlossiou@hotmail.com  \/ carlos.ortega@legalortega.com <\/p> \t\t\t\t\t\t\t\t\r\n\t\t\t\t\t\t\t<\/div>\r\n\t\t\t\t\t\t<\/div>\t\t\t\t\t\t\t\t\t\t\r\n\t\t\t\t\t\t\t\r\n\t\t\t\t\t\r\n\t\t\t\t\t\t<div class=\"wpsm_team_2_member_wrapper\">\r\n\t\t\t\t\t\t\t<img decoding=\"async\" class=\"img-responsive wpsm_team_2_mem_img\" src=\"https:\/\/legalortega.com\/oo\/wp-content\/uploads\/2022\/06\/Mirian-Bustillo-scaled-e1656097212102.jpg\" alt=\"Abog. Mirian Bustillo\">\r\n\t\t\t\t\t\t\t<div class=\"wpsm_team_2_member_wrapper_inner\">\r\n\t\t\t\t\t\t\t\t<h3>\r\n\t\t\t\t\t\t\t\t\tAbog. Mirian Bustillo\t\t\t\t\t\t\t\t<\/h3>\r\n\t\t\t\t\t\t\t\t<span class=\"wpsm_team_2_b_desig\"> Asesora Legal <\/span> \t\t\t\t\t\t\t\t<div class=\"wpsm_team_2_social_div\">\r\n\t\t\t\t\t\t\t\t\t\t\t\t\t\t\t\t\t\t\t\t\t\t\t\t\t\t\t\t\t\t\t\t\t\t\t\t\t\t\t\t\t\t\t\t<\/div>\r\n\t\t\t\t\t\t\t\t<p class=\"wpsm_team_2_b_desc\"> Tel\u00e9fono 8969-4229\r\nCorreo: mirian.bustillo@legalortega.com <\/p> \t\t\t\t\t\t\t\t\r\n\t\t\t\t\t\t\t<\/div>\r\n\t\t\t\t\t\t<\/div>\t\t\t\t\t\t\t\t\t\t\r\n\t\t\t\t\t\t\t\t<\/div>\t\t\t\r\n\t\t<\/div>\r\n\t<\/div>\r\n\t<script>\r\n\tjQuery(document).ready(function() {\r\n\t  var owl = jQuery('#wpsm-carousel-two');\r\n\t  owl.owlCarousel({\r\n\t\tresponsiveClass:true,\r\n\t\tnavigation:true,\r\n\t\tloop: true,\r\n\t\tmargin: 20,\t\t\t\t\r\n\t\tautoplay: true,\r\n\t\trewindNav : false,\r\n\t\tautoplayTimeout: 5000,\r\n        autoplaySpeed: 500,\t\t\t\t\r\n\t\tautoplayHoverPause: true,\r\n\t\tresponsive: {\r\n\t\t  0: {\r\n\t\t\titems: 1\r\n\t\t  },\r\n\t\t  500: {\r\n\t\t\titems: 2\r\n\t\t  },\r\n\t\t  767: {\r\n\t\t\titems: 2\r\n\t\t  },\r\n\t\t  992: {\r\n\t\t\titems: 3\r\n\t\t  },\r\n\t\t  1000: {\r\n\t\t\titems:3\t\t  }\r\n\t\t}\r\n\t  });\r\n\t  \r\n\t})\r\n\t<\/script>\r\n\r\n\t\n","protected":false},"excerpt":{"rendered":"<p>Este bufete no solo concibe hacer lo que hace, como si fuese una simple empresa dedicada a vender servicios. Cada [&hellip;]<\/p>\n","protected":false},"author":1,"featured_media":142,"parent":0,"menu_order":0,"comment_status":"closed","ping_status":"closed","template":"template-full-width.php","meta":{"footnotes":""},"class_list":["post-34","page","type-page","status-publish","has-post-thumbnail","hentry"],"_links":{"self":[{"href":"https:\/\/legalortega.com\/oo\/wp-json\/wp\/v2\/pages\/34"}],"collection":[{"href":"https:\/\/legalortega.com\/oo\/wp-json\/wp\/v2\/pages"}],"about":[{"href":"https:\/\/legalortega.com\/oo\/wp-json\/wp\/v2\/types\/page"}],"author":[{"embeddable":true,"href":"https:\/\/legalortega.com\/oo\/wp-json\/wp\/v2\/users\/1"}],"replies":[{"embeddable":true,"href":"https:\/\/legalortega.com\/oo\/wp-json\/wp\/v2\/comments?post=34"}],"version-history":[{"count":4,"href":"https:\/\/legalortega.com\/oo\/wp-json\/wp\/v2\/pages\/34\/revisions"}],"predecessor-version":[{"id":152,"href":"https:\/\/legalortega.com\/oo\/wp-json\/wp\/v2\/pages\/34\/revisions\/152"}],"wp:featuredmedia":[{"embeddable":true,"href":"https:\/\/legalortega.com\/oo\/wp-json\/wp\/v2\/media\/142"}],"wp:attachment":[{"href":"https:\/\/legalortega.com\/oo\/wp-json\/wp\/v2\/media?parent=34"}],"curies":[{"name":"wp","href":"https:\/\/api.w.org\/{rel}","templated":true}]}}