{"id":16,"date":"2021-10-24T06:02:24","date_gmt":"2021-10-24T06:02:24","guid":{"rendered":"https:\/\/legalortega.com\/oo\/login-2\/"},"modified":"2022-09-09T18:06:56","modified_gmt":"2022-09-09T18:06:56","slug":"login-2","status":"publish","type":"page","link":"https:\/\/legalortega.com\/oo\/","title":{"rendered":""},"content":{"rendered":"\n<div class=\"wp-block-columns is-layout-flex wp-container-core-columns-is-layout-1 wp-block-columns-is-layout-flex\">\n<div class=\"wp-block-column is-layout-flow wp-block-column-is-layout-flow\">\n<p><strong>N<\/strong>acimos en el coraz\u00f3n de la ciudad industrial de Honduras, justamente un a\u00f1o antes de la tragedia del hurac\u00e1n Mitch. Justamente la tragedia que nos inspira a construir 100 organizaciones no lucrativas dirigidas al p\u00fablico a fin de establecer una cooperaci\u00f3n social. Era 1997, cuando comenzamos a ofrecer al p\u00fablico algunos de nuestros servicios legales b\u00e1sicos&#8230;  <a href=\"https:\/\/legalortega.com\/oo\/quienes-somos\/\">seguir leyendo<\/a><\/p>\n<\/div>\n\n\n\n<div class=\"wp-block-column is-layout-flow wp-block-column-is-layout-flow\"><!--noptimize--><style><\/style>        <div class='rmagic'>    \r\n            <div class='rmcontent rm-login-wrapper'>\r\n                                    <div class=\"rm-thirdp-login-button-wrap\">\r\n                                        <\/div>\r\n                    <style type=\"text\/css\">label span.required { color: #B94A48; }span.help-inline, span.help-block { color: #888; font-size: .9em; font-style: italic; }<\/style><form action id=\"rm_login_form_1\" method=\"post\" style class=\"form-horizontal\"><fieldset><input type=\"hidden\" name=\"rm_form_sub_id\" value=rm_login_form_1><input type=\"hidden\" name=\"rm_form_sub_no\" value=><input type=\"hidden\" name=\"rm_slug\" value=\"rm_login_form\" id=\"rm_login_form_1-element-0\"\/><div class=\"rmrow\"><div class=\"rmfield\" for=\"rm_login_form_1-element-1\"><label>Username<sup class=\"required\">&nbsp;*<\/sup><\/label><\/div><div class=\"rminput\"><input type=\"text\" name=\"username\" required class minlength=\"0\" maxlength placeholder=\"Enter Username\" style id=\"rm_login_form_1-element-1\"\/><\/div><\/div><div class=\"rmrow\"><div class=\"rmfield\" for=\"rm_login_form_1-element-2\"><label>Password<sup class=\"required\">&nbsp;*<\/sup><\/label><\/div><div class=\"rminput\"><input type=\"password\" name=\"pwd\" required class=\"test\" minlength=\"0\" maxlength placeholder=\"Enter Password\" style id=\"rm_login_form_1-element-2\"\/><\/div><\/div><div class=\"rmrow\"><div class=\"rmfield\" for=\"rm_login_form-element-3\"><\/div><div class=\"rminput\"><ul class=\"rmradio\"><li class=\"rm-login-remember\"> <input id=\"rm_login_form-element-3-0\" type=\"checkbox\" name=\"remember[]\" value=\"1\"><label for=\"rm_login_form-element-3-0\"><span>Remember Me<\/span><\/label> <\/li> <\/ul><\/div><\/div><div class=\"buttonarea\"><input   type=\"submit\" value=\"Login\" name=\"submit\" id=\"rm_submit_btn\" class=\"rm_btn rm_login_btn rm-btn rm-btn-primary button button-primary\" style\/><\/div><div class=\"rm_forgot_pass\"><a href=\"https:\/\/legalortega.com\/oo\/\" target=\"blank\">Lost your password?<\/a><\/div><\/fieldset><\/form><pre class=\"rm-pre-wrapper-for-script-tags\"><script type=\"text\/javascript\">jQuery(document).ready(function() {\t\tjQuery(\"#rm_login_form_1\").bind(\"submit\", function(){\r\n                        \/\/jQuery(this).find(\"input[name=rm_slug]\").attr(\"value\",jQuery(this).find(\"input[name=submit]\").attr(\"value\"));\r\n\t\t\tjQuery(this).find(\"input[type=submit]\").attr(\"disabled\", \"disabled\"); \r\n\t\t});}); <\/script><\/pre>        <noscript>\r\n            <div class=\"rm-js-disabled\"><b>Note: It looks like JavaScript is disabled in your browser. Some elements of this form may require JavaScript to work properly. If you have trouble submitting the form, try enabling JavaScript momentarily and resubmit. JavaScript settings are usually found in Browser Settings or Browser Developer menu.<\/b><\/div>\r\n            <style>\r\n                .rm_next_btn {display:none !important}\r\n                .rm_noscript_btn {display: block !important}\r\n            <\/style>\r\n        <\/noscript>\r\n    \r\n                            <\/div>\r\n        <\/div> \r\n\r\n    \r\n\r\n<script>\r\n\r\n\r\n\/\/PassWord field Show Hide\r\n\r\nif (jQuery('.rm-login-wrapper [name=\"pwd\"]').length > 0) {\r\n    const passwordInput = jQuery('.rm-login-wrapper [name=\"pwd\"]:not(.rm-login-widget-modal .rm-login-wrapper [name=\"pwd\"])');\r\n    const closestDiv = passwordInput.closest('div.rminput');\r\n    \r\n    \/\/console.log(closestDiv);\r\n    closestDiv.addClass('rm-password-toggle-wrap');\r\n    closestDiv.prepend('<span class=\"rm-togglePassword\"><\/span>');\r\n\r\n    const togglePassword = document.querySelector(\".rm-togglePassword\");\r\n    if (togglePassword) {\r\n        togglePassword.addEventListener(\"click\", function () {\r\n            const password = document.querySelector(\"input[name='pwd']\");\r\n            const type = password.getAttribute(\"type\") === \"password\" ? \"text\" : \"password\";\r\n            password.setAttribute(\"type\", type);\r\n            this.classList.toggle(\"rm-togglePassword-show\");\r\n        });\r\n    }\r\n}\r\n\r\n\r\n\r\n\r\n<\/script>\r\n\r\n<!--\/noptimize-->\n<\/div>\n<\/div>\n\n\n\n<p class=\"has-drop-cap\"><\/p>\n","protected":false},"excerpt":{"rendered":"<p>Nacimos en el coraz\u00f3n de la ciudad industrial de Honduras, justamente un a\u00f1o antes de la tragedia del hurac\u00e1n Mitch. [&hellip;]<\/p>\n","protected":false},"author":1,"featured_media":0,"parent":0,"menu_order":0,"comment_status":"closed","ping_status":"closed","template":"template-full-width.php","meta":{"footnotes":""},"class_list":["post-16","page","type-page","status-publish","hentry"],"_links":{"self":[{"href":"https:\/\/legalortega.com\/oo\/wp-json\/wp\/v2\/pages\/16"}],"collection":[{"href":"https:\/\/legalortega.com\/oo\/wp-json\/wp\/v2\/pages"}],"about":[{"href":"https:\/\/legalortega.com\/oo\/wp-json\/wp\/v2\/types\/page"}],"author":[{"embeddable":true,"href":"https:\/\/legalortega.com\/oo\/wp-json\/wp\/v2\/users\/1"}],"replies":[{"embeddable":true,"href":"https:\/\/legalortega.com\/oo\/wp-json\/wp\/v2\/comments?post=16"}],"version-history":[{"count":5,"href":"https:\/\/legalortega.com\/oo\/wp-json\/wp\/v2\/pages\/16\/revisions"}],"predecessor-version":[{"id":187,"href":"https:\/\/legalortega.com\/oo\/wp-json\/wp\/v2\/pages\/16\/revisions\/187"}],"wp:attachment":[{"href":"https:\/\/legalortega.com\/oo\/wp-json\/wp\/v2\/media?parent=16"}],"curies":[{"name":"wp","href":"https:\/\/api.w.org\/{rel}","templated":true}]}}