{"id":105,"date":"2022-01-03T21:57:10","date_gmt":"2022-01-03T21:57:10","guid":{"rendered":"https:\/\/legalortega.com\/oo\/?page_id=105"},"modified":"2022-06-24T18:36:19","modified_gmt":"2022-06-24T18:36:19","slug":"membresia","status":"publish","type":"page","link":"https:\/\/legalortega.com\/oo\/membresia\/","title":{"rendered":"Membres\u00eda"},"content":{"rendered":"\n<div class=\"wp-block-columns is-layout-flex wp-container-core-columns-is-layout-1 wp-block-columns-is-layout-flex\">\n<div class=\"wp-block-column is-layout-flow wp-block-column-is-layout-flow\">\n<h3 class=\"has-text-align-center wp-block-heading\"><strong>Membres\u00eda Empresarial <\/strong><\/h3>\n\n\n\n<h3 class=\"has-text-align-center wp-block-heading\"><strong>$530&nbsp; mensual<\/strong><\/h3>\n\n\n\n<ul class=\"has-white-background-color has-background wp-block-list\"><li><strong>Asesor\u00eda legal&nbsp;<\/strong><\/li><li>Inscripci\u00f3n en el registro de exonerados<\/li><li><strong>Exoneraci\u00f3n<\/strong> del Impuesto sobre renta, activo neto y aportaci\u00f3n solidaria<\/li><li>Exoneraci\u00f3n del Impuesto sobre venta<\/li><li>Exoneraci\u00f3n de tasa de seguridad<\/li><li>Dispensas por importaci\u00f3n aduanera (cinco al a\u00f1o)<\/li><li>Manejo de asuntos fiscales en SAR (\u00e1rea administrativa)<\/li><li>Solvencia fiscal<\/li><li>Documentos de compraventa y donaciones, exclusivamente a favor de la empresa (transacciones hasta un mill\u00f3n de lempiras)<\/li><li>Elaboraci\u00f3n de documentos b\u00e1sicos&nbsp;<\/li><li>Revisi\u00f3n de contratos&nbsp;<\/li><li><strong>Representaciones laborales<\/strong> (exclusivamente administrativas, m\u00e1ximo cinco representaciones anuales)<\/li><li><strong>Negociaciones extrajudiciales<\/strong> (Limite L.500,000)<\/li><\/ul>\n\n\n\n<div class=\"wp-block-buttons is-layout-flex wp-block-buttons-is-layout-flex\">\n<div class=\"wp-block-button\"><a class=\"wp-block-button__link\">Afiliarse<\/a><\/div>\n<\/div>\n<\/div>\n\n\n\n<div class=\"wp-block-column is-layout-flow wp-block-column-is-layout-flow\">\n<h3 class=\"wp-block-heading\"><strong>Membres\u00eda de reformas y reglamentos <\/strong><\/h3>\n\n\n\n<h3 class=\"wp-block-heading\"><strong>L. 25,000 + gastos (5,000.00) por tramite<\/strong><\/h3>\n\n\n\n<ul class=\"has-white-background-color has-background wp-block-list\"><li>Reforma de estatutos<\/li><li>Reglamento interno institucional<\/li><li>Reglamento interno de trabajo<\/li><\/ul>\n\n\n\n<div class=\"wp-block-buttons is-layout-flex wp-block-buttons-is-layout-flex\">\n<div class=\"wp-block-button\"><a class=\"wp-block-button__link\">Afiliarse<\/a><\/div>\n<\/div>\n\n\n\n<hr class=\"wp-block-separator has-alpha-channel-opacity\"\/>\n\n\n\n<hr class=\"wp-block-separator aligncenter has-alpha-channel-opacity is-style-wide\"\/>\n\n\n\n<hr class=\"wp-block-separator has-alpha-channel-opacity\"\/>\n\n\n\n<h3 class=\"wp-block-heading\"><strong>Membres\u00eda de Exoneraciones Fiscales&nbsp; &nbsp; <\/strong><\/h3>\n\n\n\n<h3 class=\"wp-block-heading\"><strong>L.35,000 + gastos (5,000.00) por tramite<\/strong><\/h3>\n\n\n\n<ul class=\"has-white-background-color has-background wp-block-list\"><li>Inscripci\u00f3n en el registro de exonerados<\/li><li>Exoneraci\u00f3n del Impuesto sobre renta, activo neto y aportaci\u00f3n solidaria<\/li><li>Exoneraci\u00f3n del Impuesto sobre venta<\/li><li>Dispensas por importaci\u00f3n aduanera (cinco al a\u00f1o)<\/li><li>Exoneraci\u00f3n de Tasa de seguridad<\/li><\/ul>\n\n\n\n<div class=\"wp-block-buttons is-layout-flex wp-block-buttons-is-layout-flex\">\n<div class=\"wp-block-button\"><a class=\"wp-block-button__link\">Afiliarse<\/a><\/div>\n<\/div>\n\n\n\n<hr class=\"wp-block-separator has-alpha-channel-opacity\"\/>\n\n\n\n<hr class=\"wp-block-separator aligncenter has-alpha-channel-opacity is-style-wide\"\/>\n\n\n\n<hr class=\"wp-block-separator has-alpha-channel-opacity\"\/>\n\n\n\n<p><\/p>\n\n\n\n<h3 class=\"has-text-align-center wp-block-heading\"><strong>Membres\u00eda personal <\/strong><\/h3>\n\n\n\n<h3 class=\"has-text-align-center wp-block-heading\"><strong>L. 15,000 anuales<\/strong><\/h3>\n\n\n\n<ul class=\"has-white-background-color has-background wp-block-list\"><li>Asesor\u00eda legal<\/li><li>Compraventas (Hasta un mill\u00f3n de lempiras)<\/li><li>Donaciones (Hasta un mill\u00f3n de lempiras)<\/li><li>Constituci\u00f3n de su empresa mercantil o comerciante individual,&nbsp;<\/li><li>Obtenci\u00f3n del RTN de la empresa&nbsp;<\/li><li>Anexi\u00f3n al r\u00e9gimen de facturaci\u00f3n<\/li><li>Revisi\u00f3n de contratos<\/li><\/ul>\n\n\n\n<div class=\"wp-block-buttons is-layout-flex wp-block-buttons-is-layout-flex\">\n<div class=\"wp-block-button\"><a class=\"wp-block-button__link\">Afiliarse<\/a><\/div>\n<\/div>\n<\/div>\n<\/div>\n\n\n\n<hr class=\"wp-block-separator aligncenter has-alpha-channel-opacity is-style-wide\"\/>\n\n\n\n<h2 class=\"has-text-align-center wp-block-heading\">Haz tu cita<\/h2>\n\n\n\n<blockquote class=\"wp-block-quote has-text-align-center is-layout-flow wp-block-quote-is-layout-flow\"><p>En O &amp; O Abogados estamos interesados en ofrecerte nuestros servicios y asesor\u00eda legal de forma r\u00e1pida y pr\u00e1ctica.<\/p><p>Haz tu cita con nosotros, llena el formulario de informaci\u00f3n y en las pr\u00f3ximas 24 horas te contactaremos.<\/p><\/blockquote>\n\n\n\n<!--noptimize--><div class=\"rmagic rm_theme_matchmytheme rm_layout_label_left\"><style><\/style><style><\/style><div class=\"rmcontent\"><pre class=\"rm-pre-wrapper-for-script-tags\"><script>\r\n                \r\nif (typeof window['rm_multipage'] == 'undefined') {\r\n\r\n    rm_multipage = {\r\n        global_page_no_form_3_1: 1\r\n    };\r\n\r\n}\r\nelse\r\n rm_multipage.global_page_no_form_3_1 = 1;\r\n\r\nfunction gotonext_form_3_1(){\r\n        \/* Making sure action attribute is empty *\/\r\n        jQuery(\"form.rmagic-form\").attr(\"action\",\"\");\r\n        maxpage = 1 ;\r\n        var form_object= jQuery(\"#rm_form_page_form_3_1_\"+rm_multipage.global_page_no_form_3_1).closest(\"form\");\r\n        var submit_btn= form_object.find(\"[type=submit]:not(.rm_noscript_btn)\");\r\n        jQuery.validator.setDefaults({errorClass: 'rm-form-field-invalid-msg',\r\n                ignore:':hidden,.ignore,:not(:visible),.rm_untouched',wrapper:'div',\r\n                errorPlacement: function(error, element) {\r\n                    \/\/error.appendTo(element.closest('.rminput'));\r\n                    error.appendTo(element.closest('div'));\r\n                },\r\n                rules: {\r\n                    email_confirmation: {\r\n                        required: true,\r\n                        equalTo: \"#rm_reg_form_email_3_1\"\r\n                    }\r\n                },\r\n                messages: {\r\n                    email_confirmation: {\r\n                        equalTo: \"Emails do not match\"\r\n                    }\r\n                }\r\n            });\r\n        form_object.find('input.rm_price_field_quantity').each(function() {\r\n            if(typeof jQuery(this).attr('min') == 'undefined') {\r\n                jQuery(this).attr('min', 0);\r\n            }\r\n        });\r\n        if(form_object.find('.rm_privacy_cb').is(':visible')) {\r\n            if(!form_object.find('.rm_privacy_cb').prop('checked')){\r\n                \/\/form_object.find('.rm_privacy_cb').trigger('change');\r\n                form_object.find('.rm_privacy_cb').focus();\r\n                form_object.find('.rm_privacy_cb').parent().parent().siblings('div.rm-form-error-message').show();\r\n                return false;\r\n            }\r\n        }\r\n        if(jQuery(\"#rm_form_page_form_3_1_\"+rm_multipage.global_page_no_form_3_1+\" :input\").length > 0)\r\n        {\r\n            var elements_to_validate= jQuery(\"#rm_form_page_form_3_1_\"+rm_multipage.global_page_no_form_3_1+\" :input\");\r\n            var valid = elements_to_validate.valid();\r\n            elements_to_validate.each(function(){\r\n            var if_mobile= jQuery(this).attr('data-mobile-intel-field');\r\n            if(if_mobile){\r\n                var tel_error = rm_toggle_tel_error(this.dataset.validnumber,jQuery(this),jQuery(this).data('error-message'));\r\n                if(tel_error){\r\n                    valid= false;\r\n                }\r\n                else\r\n                {\r\n                    jQuery(this).val(this.dataset.fullnumber);\r\n                }\r\n            }\r\n            });\r\n                \r\n            if(!valid)\r\n            {\r\n                setTimeout(function(){ submit_btn.prop('disabled',false); submit_btn.addClass('rm-submit-btn-show'); }, 1000);\r\n                var error_element= jQuery(document).find(\"input.rm-form-field-invalid-msg\")[0];\r\n                if(error_element){\r\n                    error_element.focus();\r\n                }\r\n                return false;\r\n            }\r\n        }\r\n        \r\n        \/* Server validation for Username and Email field *\/\r\n        for(var i=0;i<rm_validation_attr.length;i++){\r\n            var validation_flag= true;\r\n            jQuery(\"[\" + rm_validation_attr[i] + \"=0]\").each(function(){\r\n               validation_flag= false;\r\n               return false;\r\n            });\r\n            \r\n            if(!validation_flag)\r\n              return;\r\n        }\r\n        \r\n        \r\n        rm_multipage.global_page_no_form_3_1++;\r\n        \r\n        \/*skip blank form pages*\/\r\n        while(jQuery(\"#rm_form_page_form_3_1_\"+rm_multipage.global_page_no_form_3_1+\" :input\").length == 0)\r\n        {\r\n        \r\n            if(maxpage <= rm_multipage.global_page_no_form_3_1)\r\n            {\r\n                    if(jQuery(\"#rm_form_page_form_3_1_\"+rm_multipage.global_page_no_form_3_1+\" :input\").length == 0){\r\n                        jQuery(\"#rm_next_form_page_button_3_1\").prop('type','submit');\r\n                        jQuery(\"#rm_prev_form_page_button_3_1\").prop('disabled',true);\r\n                        return;\r\n                    }        \r\n                    else\r\n                        break;\r\n            }\r\n        \r\n            rm_multipage.global_page_no_form_3_1++;\r\n        }\r\n            \r\n\t\r\n\tif(maxpage < rm_multipage.global_page_no_form_3_1)\r\n\t{\r\n\t\trm_multipage.global_page_no_form_3_1 = maxpage;\r\n\t\tjQuery(\"#rm_next_form_page_button_3_1\").prop('type','submit');\r\n                jQuery(\"#rm_prev_form_page_button_3_1\").prop('disabled',true);\r\n\t\treturn;\r\n\t}\r\n\tjQuery(\".rmformpage_form_3_1\").each(function (){\r\n\t\tvar visibledivid = \"rm_form_page_form_3_1_\"+rm_multipage.global_page_no_form_3_1;\r\n\t\tif(jQuery(this).attr('id') == visibledivid)\r\n\t\t\tjQuery(this).show();\r\n\t\telse\r\n\t\t\tjQuery(this).hide();\r\n\t});\r\n        jQuery('html, body').animate({\r\n            scrollTop: (jQuery('.rmformpage_form_3_1').first().offset().top)\r\n        },500);\r\n        jQuery(\"#rm_prev_form_page_button_3_1\").prop('disabled',false);\r\n        rmInitGoogleApi();\r\n}\r\nfunction gotoprev_form_3_1(){\r\n\t\r\n\tmaxpage = 1 ;\r\n        var form_object= jQuery(\"#rm_form_page_form_3_1_\"+rm_multipage.global_page_no_form_3_1).closest(\"form\");\r\n\trm_multipage.global_page_no_form_3_1--;\r\n        jQuery(\"#rm_next_form_page_button_3_1\").attr('type','button');\r\n        \/*\r\n        if(form_object.find('.rm_privacy_cb').is(':visible')) {\r\n            if(!form_object.find('.rm_privacy_cb').prop('checked')){\r\n                \/\/form_object.find('.rm_privacy_cb').trigger('change');\r\n                form_object.find('.rm_privacy_cb').focus();\r\n                form_object.find('.rm_privacy_cb').parent().parent().siblings('div.rm-form-error-message').show();\r\n                return false;\r\n            }\r\n        }\r\n        *\/\r\n        \/*skip blank form pages*\/\r\n        while(jQuery(\"#rm_form_page_form_3_1_\"+rm_multipage.global_page_no_form_3_1+\" :input\").length == 0)\r\n        {\r\n            if(1 >= rm_multipage.global_page_no_form_3_1)\r\n            {\r\n                    if(jQuery(\"#rm_form_page_form_3_1_\"+rm_multipage.global_page_no_form_3_1+\" :input\").length == 0){\r\n                        rm_multipage.global_page_no_form_3_1 = 1;\r\n                        jQuery(\"#rm_prev_form_page_button_3_1\").prop('disabled',true);\r\n                        return;\r\n                    }        \r\n                    else\r\n                        break;\r\n            }\r\n        \r\n            rm_multipage.global_page_no_form_3_1--;\r\n        }\r\n        \r\n\tjQuery(\".rmformpage_form_3_1\").each(function (){\r\n\t\tvar visibledivid = \"rm_form_page_form_3_1_\"+rm_multipage.global_page_no_form_3_1;\r\n\t\tif(jQuery(this).attr('id') == visibledivid)\r\n\t\t\tjQuery(this).show();\r\n\t\telse\r\n\t\t\tjQuery(this).hide();\r\n\t});\r\n        \r\n        if(rm_multipage.global_page_no_form_3_1 <= 1)\r\n        {\r\n            rm_multipage.global_page_no_form_3_1 = 1;\r\n            jQuery(\"#rm_prev_form_page_button_3_1\").prop('disabled',true);\r\n        }\r\n        jQuery('html, body').animate({\r\n            scrollTop: (jQuery('.rmformpage_form_3_1').first().offset().top)\r\n        },500);\r\n}         \r\n<\/script><\/pre><style type=\"text\/css\">label span.required { color: #B94A48; }span.help-inline, span.help-block { color: #888; font-size: .9em; font-style: italic; }<\/style><form novalidate onsubmit=\"return gotonext_form_3_1()\" autocomplete=\"off\" action id=\"form_3_1\" method=\"post\" class=\"rmagic-form rmagic-form-btn-center form-vertical\" name=\"rm_form\" number=\"1\" style><fieldset><input type=\"hidden\" name=\"rm_form_sub_id\" value=form_3_1><input type=\"hidden\" name=\"rm_form_sub_no\" value=1><input type=\"hidden\" name=\"rm_cond_hidden_fields\" id=\"rm_cond_hidden_fields\" value=\"\"><div id=\"rm_stat_container\"><div class=\"rmagic-field\"><label class=\"rmfield\" for=\"form_3_1-element-1\" style=\"\">RM_Stats<\/label><div class=\"rminput\"><input type=\"text\" name=\"stat_id\" value=\"__uninit\" style=\"display:none\" id=\"form_3_1-element-1\"\/><\/div><\/div><\/div><div class=\"rm_form_page rmformpage_form_3_1\" id=\"rm_form_page_form_3_1_1\"><fieldset class='rmfieldset'><div class=\"rmagic-row\" data-bmargin=\"0\"><div class=\"rmagic-heading\">Nombre y Apellido<\/div><div class=\"rmagic-fields-wrap\"><div class=\"rmagic-col rmagic-col-12\"><div class=\"rmagic-field\"><label class=\"rmfield\" for=\"form_3_1-element-9\" style=\"\">Nombre<\/label><div class=\"rminput\"><input type=\"text\" name=\"Fname_17\" value=\"\" id=\"form_3_1-element-9\"\/><\/div><\/div><\/div><\/div><\/div><div class=\"rmagic-row\" data-bmargin=\"0\"><div class=\"rmagic-fields-wrap\"><div class=\"rmagic-col rmagic-col-6\"><div class=\"rmagic-field\"><label class=\"rmfield\" for=\"form_3_1-element-16\" style=\"\">Correo Electr\u00f3nico<\/label><div class=\"rminput\"><input type=\"email\" name=\"Email_18\" value=\"\" id=\"form_3_1-element-16\"\/><\/div><\/div><\/div><div class=\"rmagic-col rmagic-col-6\"><div class=\"rmagic-field\"><label class=\"rmfield\" for=\"rm_mobile_19_3_1\" style=\"\">Celular<\/label><div class=\"rminput\"><input type=\"text\" name=\"Mobile_19\" value=\"\" id=\"rm_mobile_19_3_1\" data-error-message=\"This does not appears to be a valid mobile number.\" data-mobile-intel-field=\"1\"\/><\/div><\/div><\/div><\/div><\/div><div class=\"rmagic-row\" data-bmargin=\"0\"><div class=\"rmagic-heading\">Detalle<\/div><div class=\"rmagic-fields-wrap\"><div class=\"rmagic-col rmagic-col-12\"><div class=\"rmagic-field\"><label class=\"rmfield\" for=\"form_3_1-element-27\" style=\"\">Tipo de Membresia que solicita<\/label><div class=\"rminput\"><ul class=\"rmradio\" ><li><span class=\"rm-pricefield-wrap\"> <input id=\"form_3_1-element-27-0\" type=\"checkbox\" name=\"Checkbox_20[]\" value=\"Membres\u00eda Empresarial $530 mensual\"\/><label for=\"form_3_1-element-27-0\"><span>Membres\u00eda Empresarial $530 mensual<\/span><\/label> <\/li> <li><span class=\"rm-pricefield-wrap\"> <input id=\"form_3_1-element-27-1\" type=\"checkbox\" name=\"Checkbox_20[]\" value=\"Membres\u00eda de reformas y reglamentos L. 25,000 + gastos (5,000.00) por tramite\"\/><label for=\"form_3_1-element-27-1\"><span>Membres\u00eda de reformas y reglamentos L. 25,000 + gastos (5,000.00) por tramite<\/span><\/label> <\/li> <li><span class=\"rm-pricefield-wrap\"> <input id=\"form_3_1-element-27-2\" type=\"checkbox\" name=\"Checkbox_20[]\" value=\"Membres\u00eda de Exoneraciones Fiscales L.35,000 + gastos (5,000.00) por tramite\"\/><label for=\"form_3_1-element-27-2\"><span>Membres\u00eda de Exoneraciones Fiscales L.35,000 + gastos (5,000.00) por tramite<\/span><\/label> <\/li> <li><span class=\"rm-pricefield-wrap\"> <input id=\"form_3_1-element-27-3\" type=\"checkbox\" name=\"Checkbox_20[]\" value=\"Membres\u00eda personal L. 15,000 anuales\"\/><label for=\"form_3_1-element-27-3\"><span>Membres\u00eda personal L. 15,000 anuales<\/span><\/label> <\/li> <\/ul><\/div><\/div><\/div><\/div><\/div><div class=\"rmagic-row\" data-bmargin=\"0\"><div class=\"rmagic-fields-wrap\"><div class=\"rmagic-col rmagic-col-12\"><div class=\"rmagic-field\"><label class=\"rmfield\" for=\"form_3_1-element-34\" style=\"\">Detalle: \u00bfcomo podemos servirle?<\/label><div class=\"rminput\"><textarea rows=\"5\" name=\"Textarea_22\" id=\"form_3_1-element-34\"><\/textarea><\/div><\/div><\/div><\/div><\/div><div class=\"rmagic-row\" data-bmargin=\"0\"><div class=\"rmagic-fields-wrap\"><div class=\"rmagic-col rmagic-col-12\"><div class=\"rmagic-field\"><label class=\"rmfield\" for=\"rm_reg_form_email_3_1\" style=\"\">Email<sup class=\"required\">&nbsp;*<\/sup><\/label><div class=\"rminput\"><input type=\"email\" name=\"Email_23\" placeholder=\"Your email address\" required value=\"\" id=\"rm_reg_form_email_3_1\"\/><\/div><\/div><\/div><\/div><\/div><\/fieldset><\/div><div class=\"buttonarea\"><input   type=\"submit\" value=\"Enviar\" name=\"rm_sb_btn\" style id=\"rm_next_form_page_button_3_1\" class=\"rm_next_btn rm-btn rm-btn-primary button button-primary\"\/> <input   type=\"submit\" value=\"Enviar\" name=\"rm_sb_btn\" style class=\"rm_noscript_btn rm-btn rm-btn-primary button button-primary\" id=\"form_3_1-element-48\"\/><\/div><\/fieldset><\/form><pre class=\"rm-pre-wrapper-for-script-tags\"><script type=\"text\/javascript\">jQuery(document).ready(function() {\t\tjQuery(\"#form_3_1\").bind(\"submit\", function(){\r\n                        \/\/jQuery(this).find(\"input[name=rm_slug]\").attr(\"value\",jQuery(this).find(\"input[name=submit]\").attr(\"value\"));\r\n\t\t\tjQuery(this).find(\"input[type=submit]\").attr(\"disabled\", \"disabled\"); \r\n\t\t});            \r\n                   \r\n                   jQuery(\"#rm_reg_form_email_3_1\").change(function(){\r\n                   var data = {\r\n                           'action': 'rm_user_exists',\r\n                           'rm_sec_nonce': '4fc595bb36',\r\n                           'rm_slug': 'rm_user_exists',\r\n                           'email': jQuery(this).val(),\r\n                           'attr': 'data-rm-valid-email',\r\n                           'form_id':\"3\"\r\n                   };\r\n                   \r\n                   rm_user_exists(this,rm_ajax_url,data);\r\n                  \r\n                 });\r\n           }); <\/script><\/pre>        <noscript>\r\n            <div class=\"rm-js-disabled\"><b>Note: It looks like JavaScript is disabled in your browser. Some elements of this form may require JavaScript to work properly. If you have trouble submitting the form, try enabling JavaScript momentarily and resubmit. JavaScript settings are usually found in Browser Settings or Browser Developer menu.<\/b><\/div>\r\n            <style>\r\n                .rm_next_btn {display:none !important}\r\n                .rm_noscript_btn {display: block !important}\r\n            <\/style>\r\n        <\/noscript>\r\n    <\/div><\/div><!--\/noptimize-->\n\n\n\n<hr class=\"wp-block-separator has-alpha-channel-opacity is-style-wide\"\/>\n\n\n\n<h2 class=\"has-text-align-center wp-block-heading\">Contacto<\/h2>\n\n\n\n<p class=\"has-text-align-center\">Telefono +504 2566-0829&nbsp;&nbsp; &#8211;  Correo Electr\u00f3nico: <a href=\"mailto:bufete@legalortega.com\">bufete@legalortega.com<\/a><\/p>\n","protected":false},"excerpt":{"rendered":"<p>Membres\u00eda Empresarial $530&nbsp; mensual Asesor\u00eda legal&nbsp; Inscripci\u00f3n en el registro de exonerados Exoneraci\u00f3n del Impuesto sobre renta, activo neto y [&hellip;]<\/p>\n","protected":false},"author":1,"featured_media":0,"parent":0,"menu_order":0,"comment_status":"closed","ping_status":"closed","template":"template-full-width.php","meta":{"footnotes":""},"class_list":["post-105","page","type-page","status-publish","hentry"],"_links":{"self":[{"href":"https:\/\/legalortega.com\/oo\/wp-json\/wp\/v2\/pages\/105"}],"collection":[{"href":"https:\/\/legalortega.com\/oo\/wp-json\/wp\/v2\/pages"}],"about":[{"href":"https:\/\/legalortega.com\/oo\/wp-json\/wp\/v2\/types\/page"}],"author":[{"embeddable":true,"href":"https:\/\/legalortega.com\/oo\/wp-json\/wp\/v2\/users\/1"}],"replies":[{"embeddable":true,"href":"https:\/\/legalortega.com\/oo\/wp-json\/wp\/v2\/comments?post=105"}],"version-history":[{"count":18,"href":"https:\/\/legalortega.com\/oo\/wp-json\/wp\/v2\/pages\/105\/revisions"}],"predecessor-version":[{"id":183,"href":"https:\/\/legalortega.com\/oo\/wp-json\/wp\/v2\/pages\/105\/revisions\/183"}],"wp:attachment":[{"href":"https:\/\/legalortega.com\/oo\/wp-json\/wp\/v2\/media?parent=105"}],"curies":[{"name":"wp","href":"https:\/\/api.w.org\/{rel}","templated":true}]}}