{"id":69,"date":"2021-12-04T16:11:52","date_gmt":"2021-12-04T16:11:52","guid":{"rendered":"https:\/\/legalortega.com\/nexo\/?page_id=69"},"modified":"2022-09-09T16:57:52","modified_gmt":"2022-09-09T16:57:52","slug":"membresia","status":"publish","type":"page","link":"https:\/\/legalortega.com\/nexo\/membresia\/","title":{"rendered":"Membres\u00eda"},"content":{"rendered":"<p class=\"is-layout-flow wp-block-column-is-layout-flow is-layout-flex wp-container-core-columns-is-layout-1 wp-block-columns-is-layout-flex eplus-styles-uid-bfe1e8\" style=\"line-height: 1.7;\"><strong>Costo del Servicio y membresia:<\/strong><\/p>","protected":false},"excerpt":{"rendered":"<p>Costo del Servicio y membresia: Nuestro servicio es ofrecido a nuestros clientes mediante un valor anual m\u00ednimo fijo, proporcionado en pagos mensuales para los clientes de menor tama\u00f1o. Para clientes m\u00e1s establecidos con implicaciones de mayor responsabilidad, la tarifa es negociada, buscando un valor c\u00f3modo, aceptable y cooperativo entre las partes, acorde con la responsabilidad [&hellip;]<\/p>\n","protected":false},"author":1,"featured_media":0,"parent":0,"menu_order":0,"comment_status":"closed","ping_status":"closed","template":"","meta":{"editor_plus_copied_stylings":"{}","footnotes":""},"class_list":["post-69","page","type-page","status-publish","hentry"],"_links":{"self":[{"href":"https:\/\/legalortega.com\/nexo\/wp-json\/wp\/v2\/pages\/69"}],"collection":[{"href":"https:\/\/legalortega.com\/nexo\/wp-json\/wp\/v2\/pages"}],"about":[{"href":"https:\/\/legalortega.com\/nexo\/wp-json\/wp\/v2\/types\/page"}],"author":[{"embeddable":true,"href":"https:\/\/legalortega.com\/nexo\/wp-json\/wp\/v2\/users\/1"}],"replies":[{"embeddable":true,"href":"https:\/\/legalortega.com\/nexo\/wp-json\/wp\/v2\/comments?post=69"}],"version-history":[{"count":10,"href":"https:\/\/legalortega.com\/nexo\/wp-json\/wp\/v2\/pages\/69\/revisions"}],"predecessor-version":[{"id":249,"href":"https:\/\/legalortega.com\/nexo\/wp-json\/wp\/v2\/pages\/69\/revisions\/249"}],"wp:attachment":[{"href":"https:\/\/legalortega.com\/nexo\/wp-json\/wp\/v2\/media?parent=69"}],"curies":[{"name":"wp","href":"https:\/\/api.w.org\/{rel}","templated":true}]}}