{"id":66,"date":"2021-12-04T16:06:50","date_gmt":"2021-12-04T16:06:50","guid":{"rendered":"https:\/\/legalortega.com\/nexo\/?page_id=66"},"modified":"2022-07-29T17:43:09","modified_gmt":"2022-07-29T17:43:09","slug":"que-hacemos","status":"publish","type":"page","link":"https:\/\/legalortega.com\/nexo\/que-hacemos\/","title":{"rendered":"\u00bfQu\u00e9 Hacemos?"},"content":{"rendered":"\n<h2 class=\" eplus-wrapper wp-block-heading\"><strong>\u00c1reas de trabajo:<\/strong><\/h2>\n\n\n<p class=\"has-drop-cap has-text-align-left eplus-wrapper eplus-styles-uid-24b8d8\" style=\"line-height:1.8\">Nexo busca ser un brazo de apoyo a los emprendedores personales, la micro y la peque\u00f1a empresa, en busca de su estabilidad y perdurabilidad en el tiempo. Nuestras \u00e1reas de trabajo van desde la asesor\u00eda para la constituci\u00f3n de las organizaciones, la contabilidad, los permisos legales, hasta la uni\u00f3n a los \u00f3rganos contralores de impuestos y exoneratorios, como Finanzas y Sar, entre otros temas.<\/p>\n\n\n<h2 class=\" eplus-wrapper wp-block-heading\"><strong>Servicios que ofrecemos:<\/strong><\/h2>\n\n\n<p class=\" eplus-wrapper eplus-styles-uid-24b8d8\"><strong><em>En nexo prestamos servicios para nuestros clientes, aqu\u00ed algunos:<\/em><\/strong><\/p>\n\n<ul class=\" eplus-wrapper wp-block-list eplus-styles-uid-f52470\"><li>Capacitaci\u00f3n inicial sobre el funcionamiento y operatividad exitosa de las empresas. (presupuesto, flujos, reservas, proyecciones, riesgos, y responsabilidades legales y laborales.Asesor\u00eda mercantil y laboral.<\/li><li>Constituci\u00f3n de su empresa mercantil o de comerciante individual.<\/li><li>Permiso de operaci\u00f3n.<\/li><li>Desbloqueo de RTN en caso de errores o problemas de la instituci\u00f3n con las autoridades fiscales.<\/li><li>Anexi\u00f3n al r\u00e9gimen de facturaci\u00f3n<\/li><li>Declaraciones mensuales de ventas y anual de renta.<\/li><li>Registro de operaciones contables mediante plataforma en l\u00ednea proporcionada por Nexo (el cliente digitara datos en la plataforma).<\/li><li>Manejo de libros contables.<\/li><li>Emisi\u00f3n de ROP.<\/li><li>Autenticas.<\/li><\/ul>\n\n\n<div class=\"wp-block-group eplus-wrapper\"><div class=\"wp-block-group__inner-container is-layout-flow wp-block-group-is-layout-flow\">\n<h2 class=\" eplus-wrapper wp-block-heading\">Equipo<\/h2>\n<\/div><\/div>\n\n\n\t<!-- wpshopmart team builder wrapper -->\r\n\t<div class=\"wpsm_team_2_b_row\" id=\"wpsm_team_2_b_row_85\">\r\n\t\t<div class=\"wpsm_row\">  \r\n\t\t\t<style>\r\n\t\t\t#wpsm_team_2_b_row_85 .wpsm_team_2_member_wrapper_inner h3{\r\n\t\t\t\tcolor:#000000 !important;\r\n\t\t\t\tfont-size:18px !important;\r\n\t\t\t\tfont-family:Open Sans !important;\r\n\t\t\t}\r\n\t\t\t\r\n\t\t\t#wpsm_team_2_b_row_85 .wpsm_team_2_b_desig{\r\n\t\t\t\tcolor:#000000 !important;\r\n\t\t\t\tfont-size:14px !important;\r\n\t\t\t\tfont-family:Open Sans !important;\r\n\t\t\t}\r\n\t\t\t#wpsm_team_2_b_row_85 .wpsm_team_2_b_desc{\r\n\t\t\t\tcolor:#000000 !important;\r\n\t\t\t\tfont-size:14px !important;\r\n\t\t\t\tfont-family:Open Sans !important;\r\n\t\t\t}\r\n\t\t\t#wpsm_team_2_b_row_85 .wpsm_team_2_social_div a i{\r\n\t\t\t\tcolor:#4f4f4f !important;\r\n\t\t\t\tborder-color:#4f4f4f !important;\r\n\t\t\t}\r\n\t\t\t#wpsm_team_2_b_row_85 .wpsm_team_2_member_wrapper{\r\n\t\t\t\tbackground:#ffffff !important;\r\n\t\t\t}\r\n\t\t\t\t\t\t<\/style>\r\n\t\t\t\t\t\t \r\n\t\t\t\t\t\r\n\t\t\t\t\t\r\n\t\t\t\t\t<div class=\"wpsm_col-md-6 wpsm_col-sm-6  wpsm-col-div\">\r\n\t\t\t\t\t\t<div class=\"wpsm_team_2_member_wrapper\">\r\n\t\t\t\t\t\t\t<img decoding=\"async\" class=\"img-responsive wpsm_team_2_mem_img\" src=\"https:\/\/legalortega.com\/nexo\/wp-content\/uploads\/2021\/12\/Ab-Carlos-Ortega-e1639383684423.png\" alt=\"Abogado Carlos Ortega\">\r\n\t\t\t\t\t\t\t<div class=\"wpsm_team_2_member_wrapper_inner\">\r\n\t\t\t\t\t\t\t\t<h3>\r\n\t\t\t\t\t\t\t\t\tAbogado Carlos Ortega\t\t\t\t\t\t\t\t<\/h3>\r\n\t\t\t\t\t\t\t\t<span class=\"wpsm_team_2_b_desig\"> Director Grupo Legal Ortega <\/span> \t\t\t\t\t\t\t\t<div class=\"wpsm_team_2_social_div\">\r\n\t\t\t\t\t\t\t\t\t\t\t\t\t\t\t\t\t\t\t\t\t\t\t\t\t\t\t\t\t\t\t\t\t\t\t\t\t\t\t\t\t\t\t\t<\/div>\r\n\t\t\t\t\t\t\t\t<p class=\"wpsm_team_2_b_desc\"> Telefono: 9987-3458\r\nEmails: carlossiou@hotmail.com \r\ncarlos.ortega@legalortega.com <\/p> \t\t\t\t\t\t\t\t\r\n\t\t\t\t\t\t\t<\/div>\r\n\t\t\t\t\t\t<\/div>\r\n\t\t\t\t\t<\/div>\r\n\t\t\t\t\t\r\n\t\t\t\t\t\t\t\t\t\t\t\t\r\n\t\t<\/div>\r\n\t<\/div>\r\n\r\n\t\n\n\n\n<p class=\" eplus-wrapper\"><\/p>\n","protected":false},"excerpt":{"rendered":"<p>\u00c1reas de trabajo: Nexo busca ser un brazo de apoyo a los emprendedores personales, la micro y la peque\u00f1a empresa, en busca de su estabilidad y perdurabilidad en el tiempo. Nuestras \u00e1reas de trabajo van desde la asesor\u00eda para la constituci\u00f3n de las organizaciones, la contabilidad, los permisos legales, hasta la uni\u00f3n a los \u00f3rganos [&hellip;]<\/p>\n","protected":false},"author":1,"featured_media":0,"parent":0,"menu_order":0,"comment_status":"closed","ping_status":"closed","template":"","meta":{"editor_plus_copied_stylings":"{}","footnotes":""},"class_list":["post-66","page","type-page","status-publish","hentry"],"_links":{"self":[{"href":"https:\/\/legalortega.com\/nexo\/wp-json\/wp\/v2\/pages\/66"}],"collection":[{"href":"https:\/\/legalortega.com\/nexo\/wp-json\/wp\/v2\/pages"}],"about":[{"href":"https:\/\/legalortega.com\/nexo\/wp-json\/wp\/v2\/types\/page"}],"author":[{"embeddable":true,"href":"https:\/\/legalortega.com\/nexo\/wp-json\/wp\/v2\/users\/1"}],"replies":[{"embeddable":true,"href":"https:\/\/legalortega.com\/nexo\/wp-json\/wp\/v2\/comments?post=66"}],"version-history":[{"count":15,"href":"https:\/\/legalortega.com\/nexo\/wp-json\/wp\/v2\/pages\/66\/revisions"}],"predecessor-version":[{"id":242,"href":"https:\/\/legalortega.com\/nexo\/wp-json\/wp\/v2\/pages\/66\/revisions\/242"}],"wp:attachment":[{"href":"https:\/\/legalortega.com\/nexo\/wp-json\/wp\/v2\/media?parent=66"}],"curies":[{"name":"wp","href":"https:\/\/api.w.org\/{rel}","templated":true}]}}