{"id":5,"date":"2021-10-24T05:58:52","date_gmt":"2021-10-24T05:58:52","guid":{"rendered":"https:\/\/legalortega.com\/nexo\/registration\/"},"modified":"2022-09-09T20:17:23","modified_gmt":"2022-09-09T20:17:23","slug":"afiliarse","status":"publish","type":"page","link":"https:\/\/legalortega.com\/nexo\/afiliarse\/","title":{"rendered":"Afiliarse"},"content":{"rendered":"<div class=\"wp-block-columns eplus-wrapper is-layout-flex wp-container-core-columns-is-layout-2 wp-block-columns-is-layout-flex eplus-styles-uid-1933da\">\n<div class=\"wp-block-column eplus-wrapper is-layout-flow wp-block-column-is-layout-flow\" style=\"flex-basis:100%\">\n<p class=\" eplus-wrapper\"><\/p>\n\n\n<div class=\"wp-block-columns eplus-wrapper is-layout-flex wp-container-core-columns-is-layout-1 wp-block-columns-is-layout-flex eplus-styles-uid-be7826\">\n<div class=\"wp-block-column eplus-wrapper is-layout-flow wp-block-column-is-layout-flow\">\n<h2 class=\" eplus-wrapper wp-block-heading\">Membres\u00eda Personas<\/h2>\n\n\n<ol class=\" eplus-wrapper wp-block-list eplus-styles-uid-0b2cc1\"><li>Asesor\u00eda Inicial para emprendimiento de negocios y normativas regulatorias<\/li><li>Constituci\u00f3n de su empresa mercantil o comerciante individual<\/li><li>Direccionamiento inicial de la empresa<\/li><li>Declaraci\u00f3n anual de impuesto sobre la renta<\/li><\/ol>\n\n\n<h2 class=\" eplus-wrapper wp-block-heading\">Membres\u00eda Pyme B\u00e1sica<\/h2>\n\n\n<ol class=\" eplus-wrapper wp-block-list eplus-styles-uid-d4ec7a\"><li><strong>Asistencia Contable- Financiera<\/strong><ol><li>Asesor\u00eda para el manejo profesional de libros contables<\/li><li>Acceso a plataforma contable disponible<\/li><li>Elaboraci\u00f3n y presentaci\u00f3n de estados Financieros (NIIF)<\/li><\/ol><\/li><li><strong>Asistencia Fiscal<\/strong><ol><li>Declaraci\u00f3n de impuestos sobre ventas (Mensual)<\/li><li>Declaraci\u00f3n de impuestos sobre la renta<\/li><li>Tr\u00e1mites de facturaci\u00f3n del SAR y recibos por honorarios<\/li><li>Verificaci\u00f3n de cuenta corriente<\/li><\/ol><\/li><\/ol>\n\n\n<h2 class=\" eplus-wrapper wp-block-heading\">Membres\u00eda Pyme<\/h2>\n\n\n<ol class=\" eplus-wrapper wp-block-list eplus-styles-uid-c6bf54\"><li><strong>Asistencia Contable- Financiera<\/strong><ol><li>Asesor\u00eda para el manejo profesional de libros contables<\/li><li>Acceso a plataforma contable disponible<\/li><li>Elaboraci\u00f3n de Estados Financieros<\/li><li>Presentaci\u00f3n de estados financieros (NIIF)<\/li><li>An\u00e1lisis de estados Financieros<\/li><li>Asesor\u00eda para el levantamiento de activos<\/li><li>Supervisi\u00f3n del manejo de Inventarios<\/li><\/ol><\/li><li><strong>Asistencia Fiscal<\/strong><ol><li>Contrato de adhesi\u00f3n con el SAR<\/li><li>Tr\u00e1mite de RTN<\/li><li>Declaraci\u00f3n de impuestos sobre ventas (Mensual)<\/li><li>Declaraci\u00f3n de impuestos sobre la renta<\/li><li>Tr\u00e1mites de facturaci\u00f3n del SAR y recibos por honorarios<\/li><li>Verificaci\u00f3n de cuenta corriente<\/li><\/ol><\/li><li><strong>Asesor\u00eda Legal<\/strong><ol><li>Asesor\u00eda legal empresarial<\/li><li>Autentica de documentos<\/li><li>Modelo de contrato laboral y de arrendamiento<\/li><\/ol><\/li><\/ol>\n\n\n<h2 class=\" eplus-wrapper wp-block-heading\">Membres\u00eda Pyme Plus<\/h2>\n\n\n<ol class=\" eplus-wrapper wp-block-list eplus-styles-uid-5498c7\"><li>Asistencia Contable- Financiera<ol><li>Asesor\u00eda para elaboraci\u00f3n del presupuesto anual.<\/li><li>Acceso a plataforma contable disponible<\/li><li>Elaboraci\u00f3n de Estados Financieros<\/li><li>Presentaci\u00f3n de estados financieros (NIIF)<\/li><li>An\u00e1lisis de estados Financieros<\/li><li>Asesor\u00eda para el manejo profesional de libros contables<\/li><li>Asesor\u00eda para el levantamiento de activos<\/li><li>Supervisi\u00f3n en el Inventarios<\/li><\/ol><\/li><li>Asistencia Laboral<ol><li>Modelos de Contratos de trabajo<\/li><li>C\u00e1lculo de prestaciones a empleados<\/li><li>Asistencia Fiscal<\/li><li>Contrato de adhesi\u00f3n con el SAR<\/li><li>Tr\u00e1mite de RTN<\/li><li>Desbloqueo del RTN<\/li><li>Declaraci\u00f3n de impuestos sobre ventas (Mensual)<\/li><li>Declaraci\u00f3n de impuestos sobre la renta<\/li><li>Tr\u00e1mites de facturaci\u00f3n del SAR y recibos por honorarios (Y los que aplique)<\/li><li>Verificaci\u00f3n de cuenta corriente<\/li><li>Constancia de pagos a cuentas (Solo si aplica)<\/li><li>Actualizaci\u00f3n de datos<\/li><\/ol><\/li><li><strong>Asistencia Legal<\/strong><ol><li>Asesor\u00eda legal empresarial<\/li><li>Asesor\u00eda para recuperaci\u00f3n de mora<\/li><li>Permiso de operaci\u00f3n<\/li><li>Renovaci\u00f3n de permiso de operaci\u00f3n<\/li><li>Autentica de documentos<\/li><li>Modelo de contratos de arrendamiento<\/li><li>Declaraci\u00f3n de R\u00f3tulos (Solo si aplica)<\/li><li>Cartas de cobro por mora<\/li><li>Reformas de constituci\u00f3n<\/li><li>Actas Notariales<\/li><\/ol><\/li><\/ol><\/div>\n\n\n\n<div class=\"wp-block-column eplus-wrapper is-layout-flow wp-block-column-is-layout-flow\">\n<h2 class=\" eplus-wrapper wp-block-heading\">Solicitud de Afiliaci\u00f3n<\/h2>\n\n\n\n<p class=\" eplus-wrapper\"><strong>Inversi\u00f3n de Membres\u00edas<\/strong><\/p>\n\n\n<ol class=\" eplus-wrapper wp-block-list eplus-styles-uid-c723e6\"><li>Membres\u00eda personal L.10,000.00 anuales incluyendo ISV.<\/li><li>Membres\u00eda B\u00e1sica L. 2,750.00 mensuales incluyendo ISV.<\/li><li>Membres\u00eda Pyme L. 5,750.00 mensuales incluyendo ISV.<\/li><li>Membres\u00eda Pyme Plus L. 11,500 mensuales incluyendo ISV.<\/li><\/ol>\n\n\n<p class=\" eplus-wrapper\"><strong>Nota:<\/strong>\u00a0Los valores anteriores constituyen pago m\u00ednimo. \u2013 Al momento de<\/p>\n\n\n\n<p class=\" eplus-wrapper\">la contrataci\u00f3n se evaluar\u00e1 el volumen de ventas para determinar la<\/p>\n\n\n\n<p class=\" eplus-wrapper\">inversi\u00f3n.<\/p>\n\n\n<pre class=\" edplus_anim-ppjyVi wp-block-code has-black-color has-very-light-gray-to-cyan-bluish-gray-gradient-background has-text-color has-background eplus-wrapper eplus-styles-uid-e3c2bd\"><code><!--noptimize--><div class=\"rmagic rm_theme_matchmytheme rm_layout_label_left\"><style><\/style><style><\/style><div class=\"rmcontent\"><pre class=\"rm-pre-wrapper-for-script-tags\"><script>\r\n                \r\nif (typeof window['rm_multipage'] == 'undefined') {\r\n\r\n    rm_multipage = {\r\n        global_page_no_form_3_1: 1\r\n    };\r\n\r\n}\r\nelse\r\n rm_multipage.global_page_no_form_3_1 = 1;\r\n\r\nfunction gotonext_form_3_1(){\r\n        \/* Making sure action attribute is empty *\/\r\n        jQuery(\"form.rmagic-form\").attr(\"action\",\"\");\r\n        maxpage = 1 ;\r\n        var form_object= jQuery(\"#rm_form_page_form_3_1_\"+rm_multipage.global_page_no_form_3_1).closest(\"form\");\r\n        var submit_btn= form_object.find(\"[type=submit]:not(.rm_noscript_btn)\");\r\n                jQuery.validator.setDefaults({errorClass: 'rm-form-field-invalid-msg',\r\n                                        ignore:':hidden,.ignore,:not(:visible),.rm_untouched',wrapper:'div',\r\n                                       errorPlacement: function(error, element) {\r\n                                                            \/\/error.appendTo(element.closest('.rminput'));\r\n                                                            error.appendTo(element.closest('div'));\r\n                                                          },\r\n                                      rules: {        \r\n        password: {\r\n            required: true,\r\n            minlength: 7\r\n        },\r\n        password_confirmation: {\r\n            required: true,\r\n            equalTo: \"#rm_reg_form_pw_3_1\"\r\n        },\r\n        email_confirmation: {\r\n            required: true,\r\n            equalTo: \"#rm_reg_form_email_3_1\"\r\n        }\r\n            },\r\n        messages: {\r\n        password_confirmation: {\r\n            equalTo: \"Your passwords do not match. Please check again.\"\r\n        },\r\n        email_confirmation: {\r\n            equalTo: \"Emails do not match\"\r\n        }\r\n            }\r\n                                    });\r\n        form_object.find('input.rm_price_field_quantity').each(function() {\r\n            if(typeof jQuery(this).attr('min') == 'undefined') {\r\n                jQuery(this).attr('min', 0);\r\n            }\r\n        });\r\n        if(form_object.find('.rm_privacy_cb').is(':visible')) {\r\n            if(!form_object.find('.rm_privacy_cb').prop('checked')){\r\n                \/\/form_object.find('.rm_privacy_cb').trigger('change');\r\n                form_object.find('.rm_privacy_cb').focus();\r\n                form_object.find('.rm_privacy_cb').parent().parent().siblings('div.rm-form-error-message').show();\r\n                return false;\r\n            }\r\n        }\r\n        if(jQuery(\"#rm_form_page_form_3_1_\"+rm_multipage.global_page_no_form_3_1+\" :input\").length > 0)\r\n        {\r\n            var elements_to_validate= jQuery(\"#rm_form_page_form_3_1_\"+rm_multipage.global_page_no_form_3_1+\" :input\");\r\n            var valid = elements_to_validate.valid();\r\n            elements_to_validate.each(function(){\r\n            var if_mobile= jQuery(this).attr('data-mobile-intel-field');\r\n            if(if_mobile){\r\n                var tel_error = rm_toggle_tel_error(this.dataset.validnumber,jQuery(this),jQuery(this).data('error-message'));\r\n                if(tel_error){\r\n                    valid= false;\r\n                }\r\n                else\r\n                {\r\n                    jQuery(this).val(this.dataset.fullnumber);\r\n                }\r\n            }\r\n            });\r\n                \r\n            if(!valid)\r\n            {\r\n                setTimeout(function(){ submit_btn.prop('disabled',false); submit_btn.addClass('rm-submit-btn-show'); }, 1000);\r\n                var error_element= jQuery(document).find(\"input.rm-form-field-invalid-msg\")[0];\r\n                if(error_element){\r\n                    error_element.focus();\r\n                }\r\n                return false;\r\n            }\r\n        }\r\n        \r\n        \/* Server validation for Username and Email field *\/\r\n        for(var i=0;i<rm_validation_attr.length;i++){\r\n            var validation_flag= true;\r\n            jQuery(\"[\" + rm_validation_attr[i] + \"=0]\").each(function(){\r\n               validation_flag= false;\r\n               return false;\r\n            });\r\n            \r\n            if(!validation_flag)\r\n              return;\r\n        }\r\n        \r\n        \r\n        rm_multipage.global_page_no_form_3_1++;\r\n        \r\n        \/*skip blank form pages*\/\r\n        while(jQuery(\"#rm_form_page_form_3_1_\"+rm_multipage.global_page_no_form_3_1+\" :input\").length == 0)\r\n        {\r\n        \r\n            if(maxpage <= rm_multipage.global_page_no_form_3_1)\r\n            {\r\n                    if(jQuery(\"#rm_form_page_form_3_1_\"+rm_multipage.global_page_no_form_3_1+\" :input\").length == 0){\r\n                        jQuery(\"#rm_next_form_page_button_3_1\").prop('type','submit');\r\n                        jQuery(\"#rm_prev_form_page_button_3_1\").prop('disabled',true);\r\n                        return;\r\n                    }        \r\n                    else\r\n                        break;\r\n            }\r\n        \r\n            rm_multipage.global_page_no_form_3_1++;\r\n        }\r\n            \r\n\t\r\n\tif(maxpage < rm_multipage.global_page_no_form_3_1)\r\n\t{\r\n\t\trm_multipage.global_page_no_form_3_1 = maxpage;\r\n\t\tjQuery(\"#rm_next_form_page_button_3_1\").prop('type','submit');\r\n                jQuery(\"#rm_prev_form_page_button_3_1\").prop('disabled',true);\r\n\t\treturn;\r\n\t}\r\n\tjQuery(\".rmformpage_form_3_1\").each(function (){\r\n\t\tvar visibledivid = \"rm_form_page_form_3_1_\"+rm_multipage.global_page_no_form_3_1;\r\n\t\tif(jQuery(this).attr('id') == visibledivid)\r\n\t\t\tjQuery(this).show();\r\n\t\telse\r\n\t\t\tjQuery(this).hide();\r\n\t});\r\n        jQuery('html, body').animate({\r\n            scrollTop: (jQuery('.rmformpage_form_3_1').first().offset().top)\r\n        },500);\r\n        jQuery(\"#rm_prev_form_page_button_3_1\").prop('disabled',false);\r\n        rmInitGoogleApi();\r\n}\r\nfunction gotoprev_form_3_1(){\r\n\t\r\n\tmaxpage = 1 ;\r\n        var form_object= jQuery(\"#rm_form_page_form_3_1_\"+rm_multipage.global_page_no_form_3_1).closest(\"form\");\r\n\trm_multipage.global_page_no_form_3_1--;\r\n        jQuery(\"#rm_next_form_page_button_3_1\").attr('type','button');\r\n        \/*\r\n        if(form_object.find('.rm_privacy_cb').is(':visible')) {\r\n            if(!form_object.find('.rm_privacy_cb').prop('checked')){\r\n                \/\/form_object.find('.rm_privacy_cb').trigger('change');\r\n                form_object.find('.rm_privacy_cb').focus();\r\n                form_object.find('.rm_privacy_cb').parent().parent().siblings('div.rm-form-error-message').show();\r\n                return false;\r\n            }\r\n        }\r\n        *\/\r\n        \/*skip blank form pages*\/\r\n        while(jQuery(\"#rm_form_page_form_3_1_\"+rm_multipage.global_page_no_form_3_1+\" :input\").length == 0)\r\n        {\r\n            if(1 >= rm_multipage.global_page_no_form_3_1)\r\n            {\r\n                    if(jQuery(\"#rm_form_page_form_3_1_\"+rm_multipage.global_page_no_form_3_1+\" :input\").length == 0){\r\n                        rm_multipage.global_page_no_form_3_1 = 1;\r\n                        jQuery(\"#rm_prev_form_page_button_3_1\").prop('disabled',true);\r\n                        return;\r\n                    }        \r\n                    else\r\n                        break;\r\n            }\r\n        \r\n            rm_multipage.global_page_no_form_3_1--;\r\n        }\r\n        \r\n\tjQuery(\".rmformpage_form_3_1\").each(function (){\r\n\t\tvar visibledivid = \"rm_form_page_form_3_1_\"+rm_multipage.global_page_no_form_3_1;\r\n\t\tif(jQuery(this).attr('id') == visibledivid)\r\n\t\t\tjQuery(this).show();\r\n\t\telse\r\n\t\t\tjQuery(this).hide();\r\n\t});\r\n        \r\n        if(rm_multipage.global_page_no_form_3_1 <= 1)\r\n        {\r\n            rm_multipage.global_page_no_form_3_1 = 1;\r\n            jQuery(\"#rm_prev_form_page_button_3_1\").prop('disabled',true);\r\n        }\r\n        jQuery('html, body').animate({\r\n            scrollTop: (jQuery('.rmformpage_form_3_1').first().offset().top)\r\n        },500);\r\n}         \r\n<\/script><\/pre><style type=\"text\/css\">label span.required { color: #B94A48; }span.help-inline, span.help-block { color: #888; font-size: .9em; font-style: italic; }<\/style><form novalidate onsubmit=\"return gotonext_form_3_1()\" autocomplete=\"off\" action id=\"form_3_1\" method=\"post\" class=\"rmagic-form rmagic-form-btn-center form-vertical\" name=\"rm_form\" number=\"1\" style=\"background-color: rgb(133, 123, 102); border-style: solid; border-color: rgb(255, 159, 42); border-radius: 2px; border-width: 7px;\"><fieldset><input type=\"hidden\" name=\"rm_form_sub_id\" value=form_3_1><input type=\"hidden\" name=\"rm_form_sub_no\" value=1><input type=\"hidden\" name=\"rm_cond_hidden_fields\" id=\"rm_cond_hidden_fields\" value=\"\"><div id=\"rm_stat_container\"><div class=\"rmagic-field\"><label class=\"rmfield\" for=\"form_3_1-element-1\" style=\"\">RM_Stats<\/label><div class=\"rminput\"><input type=\"text\" name=\"stat_id\" value=\"__uninit\" style=\"display:none\" id=\"form_3_1-element-1\"\/><\/div><\/div><\/div><div class=\"rm_form_page rmformpage_form_3_1\" id=\"rm_form_page_form_3_1_1\"><fieldset class='rmfieldset'><div class=\"rmagic-row\" data-bmargin=\"0\"><div class=\"rmagic-fields-wrap\"><div class=\"rmagic-col rmagic-col-12\"><\/div><\/div><\/div><div class=\"rmagic-row\" data-bmargin=\"0\"><div class=\"rmagic-fields-wrap\"><div class=\"rmagic-col rmagic-col-12\"><\/div><\/div><\/div><div class=\"rmagic-row\" data-bmargin=\"0\"><div class=\"rmagic-fields-wrap\"><div class=\"rmagic-col rmagic-col-12\"><div class=\"rmagic-field\"><label class=\"rmfield\" for=\"rm_reg_form_email_3_1\" style=\"\">Email<sup class=\"required\">&nbsp;*<\/sup><\/label><div class=\"rminput\"><input type=\"email\" name=\"Email_16\" placeholder=\"Your email address\" required value=\"\" id=\"rm_reg_form_email_3_1\"\/><\/div><\/div><\/div><\/div><\/div><div class=\"rmagic-row\" data-bmargin=\"0\"><div class=\"rmagic-fields-wrap\"><div class=\"rmagic-col rmagic-col-12\"><div class=\"rmagic-field\"><label class=\"rmfield\" for=\"rm_reg_form_pw_3_1\" style=\"\">Password<sup class=\"required\">&nbsp;*<\/sup><\/label><div class=\"rminput\"><input type=\"password\" name=\"pwd\" placeholder=\"Set your password\" required value=\"\" id=\"rm_reg_form_pw_3_1\" style labelstyle=\"\" minlength=\"7\" data-confirmpasspos=\"right\"\/><\/div><div class=\"rmnote\"><div class=\"rmprenote\"><\/div><div class=\"rmnotecontent\">Password must be at least 7 characters long.<\/div><\/div><\/div><\/div><div class=\"rmagic-col rmagic-col-12\"><div class=\"rmagic-field\"><label class=\"rmfield\" for=\"rm_reg_form_pw_reentry\" style=\"\">Enter password again<sup class=\"required\">&nbsp;*<\/sup><\/label><div class=\"rminput\"><input type=\"password\" name=\"password_confirmation\" placeholder=\"Repeat your password\" required value=\"\" id=\"rm_reg_form_pw_reentry\" data-confirmpasspos=\"right\"\/><\/div><div class=\"rmnote\"><div class=\"rmprenote\"><\/div><div class=\"rmnotecontent\">Password must be at least 7 characters long.<\/div><\/div><\/div><\/div><\/div><\/div><\/fieldset><\/div><div class=\"buttonarea\"><input   type=\"submit\" value=\"Enviar solicitud\" name=\"rm_sb_btn\" style id=\"rm_next_form_page_button_3_1\" class=\"rm_next_btn rm-btn rm-btn-primary button button-primary\"\/> <input   type=\"submit\" value=\"Enviar solicitud\" name=\"rm_sb_btn\" style class=\"rm_noscript_btn rm-btn rm-btn-primary button button-primary\" id=\"form_3_1-element-37\"\/><\/div><\/fieldset><\/form><pre class=\"rm-pre-wrapper-for-script-tags\"><script type=\"text\/javascript\">jQuery(document).ready(function() {\t\tjQuery(\"#form_3_1\").bind(\"submit\", function(){\r\n                        \/\/jQuery(this).find(\"input[name=rm_slug]\").attr(\"value\",jQuery(this).find(\"input[name=submit]\").attr(\"value\"));\r\n\t\t\tjQuery(this).find(\"input[type=submit]\").attr(\"disabled\", \"disabled\"); \r\n\t\t});            \r\n                   \r\n                   jQuery(\"#rm_reg_form_email_3_1\").change(function(){\r\n                   var data = {\r\n                           'action': 'rm_user_exists',\r\n                           'rm_sec_nonce': '6df8b107cf',\r\n                           'rm_slug': 'rm_user_exists',\r\n                           'email': jQuery(this).val(),\r\n                           'attr': 'data-rm-valid-email',\r\n                           'form_id':\"3\"\r\n                   };\r\n                   \r\n                   rm_user_exists(this,rm_ajax_url,data);\r\n                  \r\n                 });\r\n           }); <\/script><\/pre>        <noscript>\r\n            <div class=\"rm-js-disabled\"><b>Note: It looks like JavaScript is disabled in your browser. Some elements of this form may require JavaScript to work properly. If you have trouble submitting the form, try enabling JavaScript momentarily and resubmit. JavaScript settings are usually found in Browser Settings or Browser Developer menu.<\/b><\/div>\r\n            <style>\r\n                .rm_next_btn {display:none !important}\r\n                .rm_noscript_btn {display: block !important}\r\n            <\/style>\r\n        <\/noscript>\r\n    <\/div><\/div><!--\/noptimize--><\/code><\/pre><\/div>\n<\/div><\/div>\n<\/div>","protected":false},"excerpt":{"rendered":"<p>Membres\u00eda Personas Asesor\u00eda Inicial para emprendimiento de negocios y normativas regulatorias Constituci\u00f3n de su empresa mercantil o comerciante individual Direccionamiento inicial de la empresa Declaraci\u00f3n anual de impuesto sobre la renta Membres\u00eda Pyme B\u00e1sica Asistencia Contable- Financiera Asesor\u00eda para el manejo profesional de libros contables Acceso a plataforma contable disponible Elaboraci\u00f3n y presentaci\u00f3n de estados [&hellip;]<\/p>\n","protected":false},"author":1,"featured_media":0,"parent":0,"menu_order":0,"comment_status":"closed","ping_status":"closed","template":"templates\/template-page-full-width.php","meta":{"editor_plus_copied_stylings":"{}","footnotes":""},"class_list":["post-5","page","type-page","status-publish","hentry"],"_links":{"self":[{"href":"https:\/\/legalortega.com\/nexo\/wp-json\/wp\/v2\/pages\/5"}],"collection":[{"href":"https:\/\/legalortega.com\/nexo\/wp-json\/wp\/v2\/pages"}],"about":[{"href":"https:\/\/legalortega.com\/nexo\/wp-json\/wp\/v2\/types\/page"}],"author":[{"embeddable":true,"href":"https:\/\/legalortega.com\/nexo\/wp-json\/wp\/v2\/users\/1"}],"replies":[{"embeddable":true,"href":"https:\/\/legalortega.com\/nexo\/wp-json\/wp\/v2\/comments?post=5"}],"version-history":[{"count":17,"href":"https:\/\/legalortega.com\/nexo\/wp-json\/wp\/v2\/pages\/5\/revisions"}],"predecessor-version":[{"id":264,"href":"https:\/\/legalortega.com\/nexo\/wp-json\/wp\/v2\/pages\/5\/revisions\/264"}],"wp:attachment":[{"href":"https:\/\/legalortega.com\/nexo\/wp-json\/wp\/v2\/media?parent=5"}],"curies":[{"name":"wp","href":"https:\/\/api.w.org\/{rel}","templated":true}]}}