{"id":10,"date":"2021-10-24T05:58:52","date_gmt":"2021-10-24T05:58:52","guid":{"rendered":"https:\/\/legalortega.com\/nexo\/forgot-password\/"},"modified":"2021-11-27T07:33:35","modified_gmt":"2021-11-27T07:33:35","slug":"clave-olvidada","status":"publish","type":"page","link":"https:\/\/legalortega.com\/nexo\/clave-olvidada\/","title":{"rendered":"Olvid\u00e9 Clave"},"content":{"rendered":"<div class=\"pmagic\">  \n <div class=\"pm-login-box pm-dbfl pm-border pm-radius5\"> \n   \n \n \n <form id=\"lostpasswordform\" class=\"pmagic-form pm-dbfl pm-bg-lt\" action=\"https:\/\/legalortega.com\/nexo\/wp-login.php?action=lostpassword\" method=\"post\">\n     <div class=\"pm-login-header pm-dbfl pm-bg pm-border-bt pm-pad10\">Si has perdido tu contrase\u00f1a, podemos ayudarte a restablecerla. Para iniciar el proceso de restablecimiento de contrase\u00f1a, introduce tu nombre de usuario o correo electr\u00f3nico en el cuadro a continuaci\u00f3n y haz clic en el bot\u00f3n.<\/div>\n     <input type=\"text\" name=\"user_login\" id=\"user_login\" placeholder=\"Correo electr\u00f3nico o nombre de usuario\">\n         \n    \n            <div class=\"pm-login-box-bottom-container pm-dbfl pm-bg pm-border\">\n                <input type=\"submit\" name=\"submit\" class=\"lostpassword-button\" value=\"Restablecer contrase\u00f1a\"\/>\n            <\/div>\n  <\/form>\n  <\/div>\n <\/div>\n\n","protected":false},"excerpt":{"rendered":"","protected":false},"author":1,"featured_media":0,"parent":0,"menu_order":0,"comment_status":"closed","ping_status":"closed","template":"","meta":{"editor_plus_copied_stylings":"{}","footnotes":""},"class_list":["post-10","page","type-page","status-publish","hentry"],"_links":{"self":[{"href":"https:\/\/legalortega.com\/nexo\/wp-json\/wp\/v2\/pages\/10"}],"collection":[{"href":"https:\/\/legalortega.com\/nexo\/wp-json\/wp\/v2\/pages"}],"about":[{"href":"https:\/\/legalortega.com\/nexo\/wp-json\/wp\/v2\/types\/page"}],"author":[{"embeddable":true,"href":"https:\/\/legalortega.com\/nexo\/wp-json\/wp\/v2\/users\/1"}],"replies":[{"embeddable":true,"href":"https:\/\/legalortega.com\/nexo\/wp-json\/wp\/v2\/comments?post=10"}],"version-history":[{"count":1,"href":"https:\/\/legalortega.com\/nexo\/wp-json\/wp\/v2\/pages\/10\/revisions"}],"predecessor-version":[{"id":27,"href":"https:\/\/legalortega.com\/nexo\/wp-json\/wp\/v2\/pages\/10\/revisions\/27"}],"wp:attachment":[{"href":"https:\/\/legalortega.com\/nexo\/wp-json\/wp\/v2\/media?parent=10"}],"curies":[{"name":"wp","href":"https:\/\/api.w.org\/{rel}","templated":true}]}}