{"id":55,"date":"2021-07-30T02:53:08","date_gmt":"2021-07-30T02:53:08","guid":{"rendered":"https:\/\/legalortega.com\/ccals\/?page_id=55"},"modified":"2021-12-29T22:52:49","modified_gmt":"2021-12-29T22:52:49","slug":"ccals","status":"publish","type":"page","link":"https:\/\/legalortega.com\/ccals\/","title":{"rendered":"CCALS"},"content":{"rendered":"\n<div class=\"wp-block-columns is-layout-flex wp-container-core-columns-is-layout-1 wp-block-columns-is-layout-flex\">\n<div class=\"wp-block-column is-layout-flow wp-block-column-is-layout-flow\">\n<p><meta charset=\"utf-8\">Somos una organizaci\u00f3n solidaria no lucrativa, enfocada en apoyar la labor de las organizaciones sin fines de lucro del pa\u00eds, en la b\u00fasqueda de conseguir su estabilidad y perdurabilidad en el tiempo. Para lograr nuestro objetivo, les proporcionamos asesor\u00eda estrat\u00e9gica, formaci\u00f3n, y un conjunto de servicios legales, exoneratorios, fiscales, contables y de direccionamiento institucional. <a href=\"https:\/\/legalortega.com\/ccals\/quienes-somos\/\">&#8230;seguir leyendo<\/a><\/p>\n\n\n\n<p><meta charset=\"utf-8\"><\/p>\n\n\n\n<p><\/p>\n<\/div>\n\n\n\n<div class=\"wp-block-column is-layout-flow wp-block-column-is-layout-flow\"><\/div>\n<\/div>\n\n\n\n<p><\/p>\n","protected":false},"excerpt":{"rendered":"<p>Somos una organizaci\u00f3n solidaria no lucrativa, enfocada en apoyar la labor de las organizaciones sin fines de lucro del pa\u00eds, en la b\u00fasqueda de conseguir su estabilidad y perdurabilidad en el tiempo. Para lograr nuestro objetivo, les proporcionamos asesor\u00eda estrat\u00e9gica, formaci\u00f3n, y un conjunto de servicios legales, exoneratorios, fiscales, contables y de direccionamiento institucional.<\/p>\n","protected":false},"author":1,"featured_media":0,"parent":0,"menu_order":0,"comment_status":"closed","ping_status":"closed","template":"","meta":{"footnotes":""},"class_list":["post-55","page","type-page","status-publish","hentry"],"_links":{"self":[{"href":"https:\/\/legalortega.com\/ccals\/wp-json\/wp\/v2\/pages\/55"}],"collection":[{"href":"https:\/\/legalortega.com\/ccals\/wp-json\/wp\/v2\/pages"}],"about":[{"href":"https:\/\/legalortega.com\/ccals\/wp-json\/wp\/v2\/types\/page"}],"author":[{"embeddable":true,"href":"https:\/\/legalortega.com\/ccals\/wp-json\/wp\/v2\/users\/1"}],"replies":[{"embeddable":true,"href":"https:\/\/legalortega.com\/ccals\/wp-json\/wp\/v2\/comments?post=55"}],"version-history":[{"count":7,"href":"https:\/\/legalortega.com\/ccals\/wp-json\/wp\/v2\/pages\/55\/revisions"}],"predecessor-version":[{"id":333,"href":"https:\/\/legalortega.com\/ccals\/wp-json\/wp\/v2\/pages\/55\/revisions\/333"}],"wp:attachment":[{"href":"https:\/\/legalortega.com\/ccals\/wp-json\/wp\/v2\/media?parent=55"}],"curies":[{"name":"wp","href":"https:\/\/api.w.org\/{rel}","templated":true}]}}