{"id":242,"date":"2021-11-05T19:08:19","date_gmt":"2021-11-05T19:08:19","guid":{"rendered":"https:\/\/legalortega.com\/ccals\/?page_id=242"},"modified":"2021-12-11T04:32:24","modified_gmt":"2021-12-11T04:32:24","slug":"membresia","status":"publish","type":"page","link":"https:\/\/legalortega.com\/ccals\/membresia\/","title":{"rendered":"Membres\u00eda"},"content":{"rendered":"\n<div class=\"wp-block-image is-style-default\"><figure class=\"aligncenter size-full\"><img loading=\"lazy\" decoding=\"async\" width=\"960\" height=\"540\" src=\"https:\/\/legalortega.com\/ccals\/wp-content\/uploads\/2021\/11\/167213397_1341877599515419_6572530185391246572_n-edited.jpg\" alt=\"\" class=\"wp-image-278\" srcset=\"https:\/\/legalortega.com\/ccals\/wp-content\/uploads\/2021\/11\/167213397_1341877599515419_6572530185391246572_n-edited.jpg 960w, https:\/\/legalortega.com\/ccals\/wp-content\/uploads\/2021\/11\/167213397_1341877599515419_6572530185391246572_n-edited-300x169.jpg 300w, https:\/\/legalortega.com\/ccals\/wp-content\/uploads\/2021\/11\/167213397_1341877599515419_6572530185391246572_n-edited-768x432.jpg 768w, https:\/\/legalortega.com\/ccals\/wp-content\/uploads\/2021\/11\/167213397_1341877599515419_6572530185391246572_n-edited-320x180.jpg 320w\" sizes=\"(max-width: 960px) 100vw, 960px\" \/><\/figure><\/div>\n\n\n\n<p>Hemos creado un sistema de membres\u00edas solidarias anuales de bajo costo, que permiten a las organizaciones tener acceso a los servicios b\u00e1sicos que garantizan la perdurabilidad de las mismas, contando hasta la fecha, con m\u00e1s de 300 organizaciones afiliadas que disfrutan de estos beneficios, entre ellas las Asociaciones de Pastores, ONGs y Fundaciones de mayor impacto social en Honduras.<\/p>\n\n\n\n<p>En CCALS, no solo hemos acercado el derecho a las organizaciones, sino tambi\u00e9n a las personas, a trav\u00e9s de la implementaci\u00f3n de membres\u00edas anuales como el Programa de Servicios Solidarios, dise\u00f1ado para que los miembros de las organizaciones afiliadas a CCALS tengan acceso a servicios legales a un costo m\u00ednimo; asimismo, el Programa de Derechos Laborales creado para garantizar a los pastores y l\u00edderes de las organizaciones sus derechos laborales al final de su labor para la instituci\u00f3n que representa.&nbsp;<\/p>\n\n\n\n<p>Los servicios legales m\u00e1s sofisticados como la representaci\u00f3n judicial y la litigaci\u00f3n, son prestados a trav\u00e9s de nuestro Bufete O&amp;O abogados, bajo el respaldo de m\u00e1s de 25 a\u00f1os de experiencia.<\/p>\n\n\n\n<blockquote class=\"wp-block-quote is-layout-flow wp-block-quote-is-layout-flow\"><p>Todos los servicios b\u00e1sicos orientados a la perdurabilidad de nuestras organizaciones, son ofrecidos mediante nuestros sistemas de membres\u00edas de pago m\u00ednimo anual.<\/p><p>Servicios legales m\u00e1s sofisticados como la representaci\u00f3n judicial y la litigaci\u00f3n, son prestados a trav\u00e9s de nuestro bufete O&amp;O abogados.<\/p><\/blockquote>\n\n\n\n<p><\/p>\n\n\n\n<p class=\"has-text-align-center\"><a href=\"https:\/\/legalortega.com\/ccals\/contactos\/\">Mas informacion Contactenos dando click aqu\u00ed<\/a><\/p>\n","protected":false},"excerpt":{"rendered":"<p>Hemos creado un sistema de membres\u00edas solidarias anuales de bajo costo, que permiten a las organizaciones tener acceso a los servicios b\u00e1sicos que garantizan la perdurabilidad de las mismas, contando hasta la fecha, con m\u00e1s de 300 organizaciones afiliadas que disfrutan de estos beneficios, entre ellas las Asociaciones de Pastores, ONGs y Fundaciones de mayor [&hellip;]<\/p>\n","protected":false},"author":1,"featured_media":0,"parent":0,"menu_order":0,"comment_status":"closed","ping_status":"closed","template":"","meta":{"footnotes":""},"class_list":["post-242","page","type-page","status-publish","hentry"],"_links":{"self":[{"href":"https:\/\/legalortega.com\/ccals\/wp-json\/wp\/v2\/pages\/242"}],"collection":[{"href":"https:\/\/legalortega.com\/ccals\/wp-json\/wp\/v2\/pages"}],"about":[{"href":"https:\/\/legalortega.com\/ccals\/wp-json\/wp\/v2\/types\/page"}],"author":[{"embeddable":true,"href":"https:\/\/legalortega.com\/ccals\/wp-json\/wp\/v2\/users\/1"}],"replies":[{"embeddable":true,"href":"https:\/\/legalortega.com\/ccals\/wp-json\/wp\/v2\/comments?post=242"}],"version-history":[{"count":8,"href":"https:\/\/legalortega.com\/ccals\/wp-json\/wp\/v2\/pages\/242\/revisions"}],"predecessor-version":[{"id":315,"href":"https:\/\/legalortega.com\/ccals\/wp-json\/wp\/v2\/pages\/242\/revisions\/315"}],"wp:attachment":[{"href":"https:\/\/legalortega.com\/ccals\/wp-json\/wp\/v2\/media?parent=242"}],"curies":[{"name":"wp","href":"https:\/\/api.w.org\/{rel}","templated":true}]}}