{"id":238,"date":"2021-11-05T18:49:12","date_gmt":"2021-11-05T18:49:12","guid":{"rendered":"https:\/\/legalortega.com\/ccals\/?page_id=238"},"modified":"2021-12-28T19:27:16","modified_gmt":"2021-12-28T19:27:16","slug":"que-hacemos","status":"publish","type":"page","link":"https:\/\/legalortega.com\/ccals\/que-hacemos\/","title":{"rendered":"\u00bfQue Hacemos?"},"content":{"rendered":"\n<p><\/p>\n\n\n\n<div class=\"wp-block-image is-style-default\"><figure class=\"aligncenter size-large\"><img loading=\"lazy\" decoding=\"async\" width=\"1024\" height=\"435\" src=\"https:\/\/legalortega.com\/ccals\/wp-content\/uploads\/2021\/11\/WhatsApp-Image-2021-10-23-at-5.23.44-PM-edited-e1640719538918-1024x435.jpeg\" alt=\"\" class=\"wp-image-265\" srcset=\"https:\/\/legalortega.com\/ccals\/wp-content\/uploads\/2021\/11\/WhatsApp-Image-2021-10-23-at-5.23.44-PM-edited-e1640719538918-1024x435.jpeg 1024w, https:\/\/legalortega.com\/ccals\/wp-content\/uploads\/2021\/11\/WhatsApp-Image-2021-10-23-at-5.23.44-PM-edited-e1640719538918-300x127.jpeg 300w, https:\/\/legalortega.com\/ccals\/wp-content\/uploads\/2021\/11\/WhatsApp-Image-2021-10-23-at-5.23.44-PM-edited-e1640719538918-768x326.jpeg 768w, https:\/\/legalortega.com\/ccals\/wp-content\/uploads\/2021\/11\/WhatsApp-Image-2021-10-23-at-5.23.44-PM-edited-e1640719538918.jpeg 1480w\" sizes=\"(max-width: 1024px) 100vw, 1024px\" \/><\/figure><\/div>\n\n\n\n<h2 class=\"wp-block-heading\">AREA DE TRABAJO<\/h2>\n\n\n\n<p class=\"has-regular-font-size\" style=\"line-height:1.9\">Trabajamos para nuestras organizaciones en una variada cantidad de \u00e1reas del derecho, entre las cuales est\u00e1n el derecho administrativo, el derecho civil, el \u00e1rea laboral, el \u00e1rea fiscal y la propiedad intelectual, entre otros.<\/p>\n\n\n\n<p><strong>SERVICIOS ESPECIFICOS<\/strong><\/p>\n\n\n\n<p>\u27a2 Personer\u00eda Jur\u00eddica de la Organizaci\u00f3n.<\/p>\n\n\n\n<p>\u27a2 Asesoramiento continuo.<\/p>\n\n\n\n<p>\u27a2 Manejo de contabilidad de la Organizaci\u00f3n.<\/p>\n\n\n\n<p>\u27a2 Inscripci\u00f3n y renovaci\u00f3n de registro de exonerados.<\/p>\n\n\n\n<p>\u27a2 Exoneraci\u00f3n de impuesto sobre renta.<\/p>\n\n\n\n<p>\u27a2 Exoneraci\u00f3n de impuesto sobre venta.<\/p>\n\n\n\n<p>\u27a2 Exoneraci\u00f3n de tasa de seguridad.<\/p>\n\n\n\n<p>\u27a2 Registro de Junta Directiva en DIRRSAC.<\/p>\n\n\n\n<p>\u27a2 Presentaci\u00f3n anual de estados financieros y actividades ante DIRRSAC.<\/p>\n\n\n\n<p>\u27a2 Asesoramiento para el manejo adecuado de Asambleas Generales.<\/p>\n\n\n\n<p>\u27a2 Capacitaciones gratuitas en temas organizaciones, administrativos, legales y contables.<\/p>\n\n\n\n<p>\u27a2 Declaraciones fiscales ante la SAR.<\/p>\n\n\n\n<p>\u27a2 Asesoramiento para el manejo de Juntas Directivas.<\/p>\n\n\n\n<p>\u27a2 Asesoramiento en material fiscal.<\/p>\n\n\n\n<p>\u27a2 Asesoramiento en material laboral.<\/p>\n\n\n\n<p>\u27a2 Actualizaciones de datos en el SAR.<\/p>\n\n\n\n<p>\u27a2 Elaboraci\u00f3n de documentos legales.<\/p>\n\n\n\n<p><\/p>\n","protected":false},"excerpt":{"rendered":"<p>AREA DE TRABAJO Trabajamos para nuestras organizaciones en una variada cantidad de \u00e1reas del derecho, entre las cuales est\u00e1n el derecho administrativo, el derecho civil, el \u00e1rea laboral, el \u00e1rea fiscal y la propiedad intelectual, entre otros. SERVICIOS ESPECIFICOS \u27a2 Personer\u00eda Jur\u00eddica de la Organizaci\u00f3n. \u27a2 Asesoramiento continuo. \u27a2 Manejo de contabilidad de la Organizaci\u00f3n. [&hellip;]<\/p>\n","protected":false},"author":1,"featured_media":0,"parent":0,"menu_order":0,"comment_status":"closed","ping_status":"closed","template":"","meta":{"footnotes":""},"class_list":["post-238","page","type-page","status-publish","hentry"],"_links":{"self":[{"href":"https:\/\/legalortega.com\/ccals\/wp-json\/wp\/v2\/pages\/238"}],"collection":[{"href":"https:\/\/legalortega.com\/ccals\/wp-json\/wp\/v2\/pages"}],"about":[{"href":"https:\/\/legalortega.com\/ccals\/wp-json\/wp\/v2\/types\/page"}],"author":[{"embeddable":true,"href":"https:\/\/legalortega.com\/ccals\/wp-json\/wp\/v2\/users\/1"}],"replies":[{"embeddable":true,"href":"https:\/\/legalortega.com\/ccals\/wp-json\/wp\/v2\/comments?post=238"}],"version-history":[{"count":9,"href":"https:\/\/legalortega.com\/ccals\/wp-json\/wp\/v2\/pages\/238\/revisions"}],"predecessor-version":[{"id":332,"href":"https:\/\/legalortega.com\/ccals\/wp-json\/wp\/v2\/pages\/238\/revisions\/332"}],"wp:attachment":[{"href":"https:\/\/legalortega.com\/ccals\/wp-json\/wp\/v2\/media?parent=238"}],"curies":[{"name":"wp","href":"https:\/\/api.w.org\/{rel}","templated":true}]}}