{"id":233,"date":"2021-11-05T18:38:59","date_gmt":"2021-11-05T18:38:59","guid":{"rendered":"https:\/\/legalortega.com\/ccals\/?page_id=233"},"modified":"2021-12-28T19:19:18","modified_gmt":"2021-12-28T19:19:18","slug":"quienes-somos","status":"publish","type":"page","link":"https:\/\/legalortega.com\/ccals\/quienes-somos\/","title":{"rendered":"Quienes Somos"},"content":{"rendered":"\n<div class=\"wp-block-image is-style-rounded\"><figure class=\"aligncenter size-large\"><img loading=\"lazy\" decoding=\"async\" width=\"1024\" height=\"323\" src=\"https:\/\/legalortega.com\/ccals\/wp-content\/uploads\/2021\/10\/Equipo-CCALS-1-1024x323.png\" alt=\"\" class=\"wp-image-231\" srcset=\"https:\/\/legalortega.com\/ccals\/wp-content\/uploads\/2021\/10\/Equipo-CCALS-1-1024x323.png 1024w, https:\/\/legalortega.com\/ccals\/wp-content\/uploads\/2021\/10\/Equipo-CCALS-1-300x95.png 300w, https:\/\/legalortega.com\/ccals\/wp-content\/uploads\/2021\/10\/Equipo-CCALS-1-768x243.png 768w, https:\/\/legalortega.com\/ccals\/wp-content\/uploads\/2021\/10\/Equipo-CCALS-1-1536x485.png 1536w, https:\/\/legalortega.com\/ccals\/wp-content\/uploads\/2021\/10\/Equipo-CCALS-1.png 1900w\" sizes=\"(max-width: 1024px) 100vw, 1024px\" \/><\/figure><\/div>\n\n\n\n<h2 class=\"wp-block-heading\"><strong>CCALS<\/strong><\/h2>\n\n\n\n<p>Centro Cristiano de Asistencia legal y Solidaria<\/p>\n\n\n\n<p><\/p>\n\n\n\n<h2 class=\"wp-block-heading\"><strong>NUESTRA MISION<\/strong><\/h2>\n\n\n\n<p style=\"line-height:1.6\">Somos una organizaci\u00f3n solidaria no lucrativa, enfocada en apoyar la labor de las organizaciones sin fines de lucro del pa\u00eds, en la b\u00fasqueda de conseguir su estabilidad y perdurabilidad en el tiempo. Para lograr nuestro objetivo, les proporcionamos asesor\u00eda estrat\u00e9gica, formaci\u00f3n, y un conjunto de servicios legales, exoneratorios, fiscales, contables y de direccionamiento institucional.<\/p>\n\n\n\n<p style=\"line-height:1.6\">Por otro lado, en Ccals, tenemos dentro de nuestros objetivos, la firme voluntad de acercar el derecho y la justicia a la gente, independientemente de su condici\u00f3n econ\u00f3mica, social, religiosa, u otra forma de pensamiento, por ello tenemos una membres\u00eda especial de servicios para los miembros de las organizaciones afiliadas, aun costo subsidiado.<\/p>\n\n\n\n<p><\/p>\n\n\n\n<h2 class=\"wp-block-heading\"><strong>NUESTRA  VISION<\/strong><\/h2>\n\n\n\n<p style=\"line-height:1.6\">Ser en el pa\u00eds, la instituci\u00f3n no lucrativa, de mayor credibilidad, capacidad, prestigio y eficiencia en la asesor\u00eda y prestaci\u00f3n de servicios legales, contables, fiscales, administrativos y de direccionamiento de las organizaciones no lucrativas.<\/p>\n\n\n\n<p><\/p>\n\n\n\n<h2 class=\"wp-block-heading\"><strong>EXPERIENCIA<\/strong><\/h2>\n\n\n\n<p style=\"line-height:1.6\">Desde hace 25 a\u00f1os nos dedicamos a la constituci\u00f3n, asesor\u00eda y direccionamiento de instituciones no lucrativas. A trav\u00e9s de los a\u00f1os, hemos acumulado experiencia abundante en relaci\u00f3n con la organizaci\u00f3n, administraci\u00f3n y direcci\u00f3n de estas instituciones. Por otro lado, por la variedad de necesidad legal, hemos acumulado practica y experiencia en una serie de \u00e1reas del derecho.<\/p>\n","protected":false},"excerpt":{"rendered":"<p>CCALS Centro Cristiano de Asistencia legal y Solidaria NUESTRA MISION Somos una organizaci\u00f3n solidaria no lucrativa, enfocada en apoyar la labor de las organizaciones sin fines de lucro del pa\u00eds, en la b\u00fasqueda de conseguir su estabilidad y perdurabilidad en el tiempo. Para lograr nuestro objetivo, les proporcionamos asesor\u00eda estrat\u00e9gica, formaci\u00f3n, y un conjunto de [&hellip;]<\/p>\n","protected":false},"author":1,"featured_media":0,"parent":0,"menu_order":0,"comment_status":"closed","ping_status":"closed","template":"","meta":{"footnotes":""},"class_list":["post-233","page","type-page","status-publish","hentry"],"_links":{"self":[{"href":"https:\/\/legalortega.com\/ccals\/wp-json\/wp\/v2\/pages\/233"}],"collection":[{"href":"https:\/\/legalortega.com\/ccals\/wp-json\/wp\/v2\/pages"}],"about":[{"href":"https:\/\/legalortega.com\/ccals\/wp-json\/wp\/v2\/types\/page"}],"author":[{"embeddable":true,"href":"https:\/\/legalortega.com\/ccals\/wp-json\/wp\/v2\/users\/1"}],"replies":[{"embeddable":true,"href":"https:\/\/legalortega.com\/ccals\/wp-json\/wp\/v2\/comments?post=233"}],"version-history":[{"count":10,"href":"https:\/\/legalortega.com\/ccals\/wp-json\/wp\/v2\/pages\/233\/revisions"}],"predecessor-version":[{"id":329,"href":"https:\/\/legalortega.com\/ccals\/wp-json\/wp\/v2\/pages\/233\/revisions\/329"}],"wp:attachment":[{"href":"https:\/\/legalortega.com\/ccals\/wp-json\/wp\/v2\/media?parent=233"}],"curies":[{"name":"wp","href":"https:\/\/api.w.org\/{rel}","templated":true}]}}