{"id":13,"date":"2021-07-23T20:55:11","date_gmt":"2021-07-23T20:55:11","guid":{"rendered":"https:\/\/legalortega.com\/ccals\/user-blogs\/"},"modified":"2021-07-23T23:04:47","modified_gmt":"2021-07-23T23:04:47","slug":"user-blogs","status":"publish","type":"page","link":"https:\/\/legalortega.com\/ccals\/user-blogs\/","title":{"rendered":"Blogs de Usuarios"},"content":{"rendered":"<div class=\"pmagic\">\n<div id=\"pg-user-blog\" class=\"pm-difl test\">\n         \n    <div id=\"pg-user-blog-container\" class=\"pm-dbfl\">\n                        <div class=\"pm-blog-post-wrap pm-dbfl\">\n                        <div class=\"pm-blog-img-wrap pm-difl\">\n                            <div class=\"pm-blog-img pm-difl\">\n\t\t\t\t\t\t\t<img loading=\"lazy\" decoding=\"async\" width=\"320\" height=\"180\" src=\"https:\/\/legalortega.com\/ccals\/wp-content\/uploads\/2021\/11\/Equipo-CCALS-320x180.jpeg\" class=\"attachment-post-thumbnail size-post-thumbnail wp-post-image\" alt=\"\" \/>                            <\/div>\n                            <div class=\"pm-blog-status pm-difl\">\n                                <span class=\"pm-blog-time \">Hace 4 a\u00f1os<\/span>\n                                <span class=\"pm-blog-comment\">sin comentarios<\/span>\n                            <\/div>\n                        <\/div>\n\n                        <div class=\"pm-blog-desc-wrap pm-difl\">\n                            <div class=\"pm-blog-title\">\n                                <a href=\"https:\/\/legalortega.com\/ccals\/profilegrid_blogs\/ccals\/\"><span>CCALS<\/span><\/a>\n                            <\/div>\n                            <div class=\"pm-blog-desc\">\n                             <p>Quienes somos\/ Nuestra Misi\u00f3n: Somos una organizaci\u00f3n solidaria no lucrativa, enfocada en apoyar la labor de las organizaciones sin fines de lucro del pa\u00eds, en la b\u00fasqueda de conseguir su estabilidad y perdurabilidad en el tiempo. Para lograr nuestro objetivo, les proporcionamos asesor\u00eda estrat\u00e9gica, formaci\u00f3n y un conjunto de servicios legales, exoneratorios, fiscales, contables y [&hellip;]<\/p>\n                            <\/div>\n                        <\/div>\n                    <\/div>\n                        <\/div>\n<\/div>\n<\/div>\n\n","protected":false},"excerpt":{"rendered":"","protected":false},"author":1,"featured_media":0,"parent":0,"menu_order":0,"comment_status":"closed","ping_status":"closed","template":"","meta":{"footnotes":""},"class_list":["post-13","page","type-page","status-publish","hentry"],"_links":{"self":[{"href":"https:\/\/legalortega.com\/ccals\/wp-json\/wp\/v2\/pages\/13"}],"collection":[{"href":"https:\/\/legalortega.com\/ccals\/wp-json\/wp\/v2\/pages"}],"about":[{"href":"https:\/\/legalortega.com\/ccals\/wp-json\/wp\/v2\/types\/page"}],"author":[{"embeddable":true,"href":"https:\/\/legalortega.com\/ccals\/wp-json\/wp\/v2\/users\/1"}],"replies":[{"embeddable":true,"href":"https:\/\/legalortega.com\/ccals\/wp-json\/wp\/v2\/comments?post=13"}],"version-history":[{"count":1,"href":"https:\/\/legalortega.com\/ccals\/wp-json\/wp\/v2\/pages\/13\/revisions"}],"predecessor-version":[{"id":38,"href":"https:\/\/legalortega.com\/ccals\/wp-json\/wp\/v2\/pages\/13\/revisions\/38"}],"wp:attachment":[{"href":"https:\/\/legalortega.com\/ccals\/wp-json\/wp\/v2\/media?parent=13"}],"curies":[{"name":"wp","href":"https:\/\/api.w.org\/{rel}","templated":true}]}}